{"id":8704,"date":"2026-02-12T16:10:21","date_gmt":"2026-02-12T15:10:21","guid":{"rendered":"http:\/\/thetailorsphotography.com\/?page_id=8704"},"modified":"2026-02-16T13:57:45","modified_gmt":"2026-02-16T12:57:45","slug":"germany","status":"publish","type":"page","link":"https:\/\/thetailorsphotography.com\/en\/germany\/","title":{"rendered":"Germany"},"content":{"rendered":"<div data-elementor-type=\"wp-page\" data-elementor-id=\"8704\" class=\"elementor elementor-8704\" data-elementor-post-type=\"page\">\n\t\t\t\t<div class=\"elementor-element elementor-element-5f91878 e-flex e-con-boxed e-con e-parent\" data-id=\"5f91878\" data-element_type=\"container\" data-e-type=\"container\" data-settings=\"{&quot;background_background&quot;:&quot;classic&quot;}\">\n\t\t\t\t\t<div class=\"e-con-inner\">\n\t\t<div class=\"elementor-element elementor-element-eb42a83 e-con-full e-flex e-con e-child\" data-id=\"eb42a83\" data-element_type=\"container\" data-e-type=\"container\">\n\t\t\t\t<div class=\"elementor-element elementor-element-f1635b0 elementor-widget elementor-widget-image\" data-id=\"f1635b0\" data-element_type=\"widget\" data-e-type=\"widget\" data-widget_type=\"image.default\">\n\t\t\t\t<div class=\"elementor-widget-container\">\n\t\t\t\t\t\t\t\t\t\t\t\t\t\t\t<img decoding=\"async\" src=\"https:\/\/thetailorsphotography.com\/wp-content\/uploads\/2025\/12\/Tailors-Favicon-White-648x1024.png\" title=\"Tailors Favicon &#8211; White\" alt=\"Stylized, overlapping white letters U and P on a black background, perfect for photography or film branding, e.g. for a wedding abroad.\" loading=\"lazy\" \/>\t\t\t\t\t\t\t\t\t\t\t\t\t\t\t<\/div>\n\t\t\t\t<\/div>\n\t\t\t\t<div class=\"elementor-element elementor-element-87ba96f elementor-widget elementor-widget-heading\" data-id=\"87ba96f\" data-element_type=\"widget\" data-e-type=\"widget\" data-widget_type=\"heading.default\">\n\t\t\t\t<div class=\"elementor-widget-container\">\n\t\t\t\t\t<h2 class=\"elementor-heading-title elementor-size-default\">Germany Gallery<\/h2>\t\t\t\t<\/div>\n\t\t\t\t<\/div>\n\t\t\t\t<\/div>\n\t\t\t\t\t<\/div>\n\t\t\t\t<\/div>\n\t\t<div class=\"elementor-element elementor-element-57a7eb6 e-flex e-con-boxed e-con e-parent\" data-id=\"57a7eb6\" data-element_type=\"container\" data-e-type=\"container\" data-settings=\"{&quot;background_background&quot;:&quot;classic&quot;}\">\n\t\t\t\t\t<div class=\"e-con-inner\">\n\t\t<div class=\"elementor-element elementor-element-da68342 e-con-full e-flex e-con e-child\" data-id=\"da68342\" data-element_type=\"container\" data-e-type=\"container\">\n\t\t\t\t<div class=\"elementor-element elementor-element-d227e65 elementor-widget elementor-widget-gallery\" data-id=\"d227e65\" data-element_type=\"widget\" data-e-type=\"widget\" data-settings=\"{&quot;gallery_layout&quot;:&quot;justified&quot;,&quot;ideal_row_height&quot;:{&quot;unit&quot;:&quot;px&quot;,&quot;size&quot;:200,&quot;sizes&quot;:[]},&quot;ideal_row_height_tablet&quot;:{&quot;unit&quot;:&quot;px&quot;,&quot;size&quot;:150,&quot;sizes&quot;:[]},&quot;ideal_row_height_mobile&quot;:{&quot;unit&quot;:&quot;px&quot;,&quot;size&quot;:150,&quot;sizes&quot;:[]},&quot;gap&quot;:{&quot;unit&quot;:&quot;px&quot;,&quot;size&quot;:10,&quot;sizes&quot;:[]},&quot;gap_tablet&quot;:{&quot;unit&quot;:&quot;px&quot;,&quot;size&quot;:10,&quot;sizes&quot;:[]},&quot;gap_mobile&quot;:{&quot;unit&quot;:&quot;px&quot;,&quot;size&quot;:10,&quot;sizes&quot;:[]},&quot;content_hover_animation&quot;:&quot;fade-in&quot;}\" data-widget_type=\"gallery.default\">\n\t\t\t\t<div class=\"elementor-widget-container\">\n\t\t\t\t\t\t\t<div style=\"--columns: 4; --aspect-ratio: 75%; --hgap: 10px; --vgap: 10px;\" class=\"e-gallery-grid elementor-gallery__container\">\n\t\t\t\t\t\t\t<div class=\"e-gallery-item elementor-gallery-item elementor-animated-content\">\n\t\t\t\t\t<div style=\"background-image: url(&#039;https:\/\/thetailorsphotography.com\/wp-content\/uploads\/2025\/12\/The-Tailors-Photography-Luxury-Weddings-Worldwide-Europe-Italy-16-1024x1536.jpg&#039;);\" class=\"e-gallery-image elementor-gallery-item__image\" data-thumbnail=\"https:\/\/thetailorsphotography.com\/wp-content\/uploads\/2025\/12\/The-Tailors-Photography-Luxury-Weddings-Worldwide-Europe-Italy-16-1024x1536.jpg\" data-width=\"1024\" data-height=\"1536\" aria-label=\"Eine Frau in einem goldenen Paillettenkleid und einer goldenen Krone sitzt selbstbewusst in einem eleganten, dekorierten Bankettsaal, der sich perfekt f\u00fcr eine Fotografie- oder Filmkulisse eignet.\" role=\"img\" ><\/div>\n\t\t\t\t\t\t\t\t\t\t\t\t\t\t<\/div>\n\t\t\t\t\t\t\t<div class=\"e-gallery-item elementor-gallery-item elementor-animated-content\">\n\t\t\t\t\t<div style=\"background-image: url(&#039;https:\/\/thetailorsphotography.com\/wp-content\/uploads\/2025\/12\/The-Tailors-Photography-Luxury-Weddings-Worldwide-Europe-Italy-21-1030x1536.jpg&#039;);\" class=\"e-gallery-image elementor-gallery-item__image\" data-thumbnail=\"https:\/\/thetailorsphotography.com\/wp-content\/uploads\/2025\/12\/The-Tailors-Photography-Luxury-Weddings-Worldwide-Europe-Italy-21-1030x1536.jpg\" data-width=\"1030\" data-height=\"1536\" aria-label=\"Eine Braut in wei\u00dfem Kleid und Schleier sitzt am Fenster, das Sonnenlicht erhellt sie und ihr Spiegelbild - ein perfekter Moment von Reiseziel-Romantik, eingefangen durch elegante Fotografie.\" role=\"img\" ><\/div>\n\t\t\t\t\t\t\t\t\t\t\t\t\t\t<\/div>\n\t\t\t\t\t\t\t<div class=\"e-gallery-item elementor-gallery-item elementor-animated-content\">\n\t\t\t\t\t<div style=\"background-image: url(&#039;https:\/\/thetailorsphotography.com\/wp-content\/uploads\/2025\/12\/The-Tailors-Photography-Luxury-Weddings-Worldwide-Europe-Italy-19-e1771246610384-1040x1536.jpg&#039;);\" class=\"e-gallery-image elementor-gallery-item__image\" data-thumbnail=\"https:\/\/thetailorsphotography.com\/wp-content\/uploads\/2025\/12\/The-Tailors-Photography-Luxury-Weddings-Worldwide-Europe-Italy-19-e1771246610384-1040x1536.jpg\" data-width=\"1040\" data-height=\"1536\" aria-label=\"Frau in wei\u00dfem, tr\u00e4gerlosem Kleid und Handschuhen mit baumelnden Ohrringen, umgeben von rosa und wei\u00dfen Blumen - der Luxus einer Destination Hochzeit im Ausland.\" role=\"img\" ><\/div>\n\t\t\t\t\t\t\t\t\t\t\t\t\t\t<\/div>\n\t\t\t\t\t\t\t<div class=\"e-gallery-item elementor-gallery-item elementor-animated-content\">\n\t\t\t\t\t<div style=\"background-image: url(&#039;https:\/\/thetailorsphotography.com\/wp-content\/uploads\/2025\/12\/The-Tailors-Photography-Luxury-Weddings-Worldwide-Europe-Italy-20-e1771246658529-1536x1009.jpg&#039;);\" class=\"e-gallery-image elementor-gallery-item__image\" data-thumbnail=\"https:\/\/thetailorsphotography.com\/wp-content\/uploads\/2025\/12\/The-Tailors-Photography-Luxury-Weddings-Worldwide-Europe-Italy-20-e1771246658529-1536x1009.jpg\" data-width=\"1536\" data-height=\"1009\" aria-label=\"Eine Braut in einem wei\u00dfen Kleid sitzt am Fenster, ihr Brautstrau\u00df und ihr Schleier liegen auf dem Boden, das Sonnenlicht f\u00e4llt herein - ein Moment zeitloser Eleganz, eingefangen in einer wundersch\u00f6nen Reisefotografie.\" role=\"img\" ><\/div>\n\t\t\t\t\t\t\t\t\t\t\t\t\t\t<\/div>\n\t\t\t\t\t\t\t<div class=\"e-gallery-item elementor-gallery-item elementor-animated-content\">\n\t\t\t\t\t<div style=\"background-image: url(&#039;https:\/\/thetailorsphotography.com\/wp-content\/uploads\/2025\/12\/The-Tailors-Photography-Luxury-Weddings-Worldwide-Europe-Italy-17-1030x1536.jpg&#039;);\" class=\"e-gallery-image elementor-gallery-item__image\" data-thumbnail=\"https:\/\/thetailorsphotography.com\/wp-content\/uploads\/2025\/12\/The-Tailors-Photography-Luxury-Weddings-Worldwide-Europe-Italy-17-1030x1536.jpg\" data-width=\"1030\" data-height=\"1536\" aria-label=\"Eine Braut in einem wei\u00dfen Kleid posiert neben einem Br\u00e4utigam im Anzug, beide in einem eleganten, sonnendurchfluteten Raum - die perfekte Fotografie f\u00fcr eine Hochzeit im Ausland.\" role=\"img\" ><\/div>\n\t\t\t\t\t\t\t\t\t\t\t\t\t\t<\/div>\n\t\t\t\t\t\t\t<div class=\"e-gallery-item elementor-gallery-item elementor-animated-content\">\n\t\t\t\t\t<div style=\"background-image: url(&#039;https:\/\/thetailorsphotography.com\/wp-content\/uploads\/2025\/12\/The-Tailors-Photography-Luxury-Weddings-Worldwide-Europe-Italy-14-1024x1536.jpg&#039;);\" class=\"e-gallery-image elementor-gallery-item__image\" data-thumbnail=\"https:\/\/thetailorsphotography.com\/wp-content\/uploads\/2025\/12\/The-Tailors-Photography-Luxury-Weddings-Worldwide-Europe-Italy-14-1024x1536.jpg\" data-width=\"1024\" data-height=\"1536\" aria-label=\"Eine l\u00e4chelnde Darstellerin in einem goldenen Paillettenkleid und einem Kopfschmuck mit wei\u00dfen Federn steht auf einem gr\u00fcnen Podest bei einer eleganten Veranstaltung am Zielort, perfekt f\u00fcr eine filmreife Hochzeit im Ausland.\" role=\"img\" ><\/div>\n\t\t\t\t\t\t\t\t\t\t\t\t\t\t<\/div>\n\t\t\t\t\t\t\t<div class=\"e-gallery-item elementor-gallery-item elementor-animated-content\">\n\t\t\t\t\t<div style=\"background-image: url(&#039;https:\/\/thetailorsphotography.com\/wp-content\/uploads\/2025\/12\/The-Tailors-Photography-Luxury-Weddings-Worldwide-Europe-Italy-13-1024x1536.jpg&#039;);\" class=\"e-gallery-image elementor-gallery-item__image\" data-thumbnail=\"https:\/\/thetailorsphotography.com\/wp-content\/uploads\/2025\/12\/The-Tailors-Photography-Luxury-Weddings-Worldwide-Europe-Italy-13-1024x1536.jpg\" data-width=\"1024\" data-height=\"1536\" aria-label=\"An actress in a glittering dress and feather headdress poses between lavishly decorated banquet tables and captures the glamor of a film or photo session at a wedding abroad.\" role=\"img\" ><\/div>\n\t\t\t\t\t\t\t\t\t\t\t\t\t\t<\/div>\n\t\t\t\t\t\t\t<div class=\"e-gallery-item elementor-gallery-item elementor-animated-content\">\n\t\t\t\t\t<div style=\"background-image: url(&#039;https:\/\/thetailorsphotography.com\/wp-content\/uploads\/2025\/12\/The-Tailors-Photography-Luxury-Weddings-Worldwide-Europe-Italy-18-e1771246623353-1019x1536.jpg&#039;);\" class=\"e-gallery-image elementor-gallery-item__image\" data-thumbnail=\"https:\/\/thetailorsphotography.com\/wp-content\/uploads\/2025\/12\/The-Tailors-Photography-Luxury-Weddings-Worldwide-Europe-Italy-18-e1771246623353-1019x1536.jpg\" data-width=\"1019\" data-height=\"1536\" aria-label=\"Eine Frau in einem wei\u00dfen Kleid sitzt inmitten von rosa und wei\u00dfen Blumen und blickt in Richtung der Kamera - wie eine Szene aus einem romantischen Film f\u00e4ngt sie die Essenz einer Hochzeit im Ausland ein.\" role=\"img\" ><\/div>\n\t\t\t\t\t\t\t\t\t\t\t\t\t\t<\/div>\n\t\t\t\t\t\t\t<div class=\"e-gallery-item elementor-gallery-item elementor-animated-content\">\n\t\t\t\t\t<div style=\"background-image: url(&#039;https:\/\/thetailorsphotography.com\/wp-content\/uploads\/2025\/12\/The-Tailors-Photography-Luxury-Weddings-Worldwide-Europe-Italy-15-1536x1024.jpg&#039;);\" class=\"e-gallery-image elementor-gallery-item__image\" data-thumbnail=\"https:\/\/thetailorsphotography.com\/wp-content\/uploads\/2025\/12\/The-Tailors-Photography-Luxury-Weddings-Worldwide-Europe-Italy-15-1536x1024.jpg\" data-width=\"1536\" data-height=\"1024\" aria-label=\"Prunkvoller Bankettsaal mit langen Blumentischen, Kronleuchtern und zwei Darstellern in goldenen Kost\u00fcmen mit Federschmuck - perfekt f\u00fcr eine Veranstaltung am Zielort oder eine glamour\u00f6se Hochzeit im Ausland.\" role=\"img\" ><\/div>\n\t\t\t\t\t\t\t\t\t\t\t\t\t\t<\/div>\n\t\t\t\t\t\t\t<div class=\"e-gallery-item elementor-gallery-item elementor-animated-content\">\n\t\t\t\t\t<div style=\"background-image: url(&#039;https:\/\/thetailorsphotography.com\/wp-content\/uploads\/2026\/02\/The-Tailors-Photography_Germany-1-1024x1536.jpg&#039;);\" class=\"e-gallery-image elementor-gallery-item__image\" data-thumbnail=\"https:\/\/thetailorsphotography.com\/wp-content\/uploads\/2026\/02\/The-Tailors-Photography_Germany-1-1024x1536.jpg\" data-width=\"1024\" data-height=\"1536\" aria-label=\"Eine Braut und ein Br\u00e4utigam stehen im Freien, umarmen sich und blicken auf die fernen Berge unter einem wolkenverhangenen Himmel - die perfekte Szene f\u00fcr eine Hochzeit im Ausland, die den Zauber einer Hochzeit am Urlaubsort auf Film bannt.\" role=\"img\" ><\/div>\n\t\t\t\t\t\t\t\t\t\t\t\t\t\t<\/div>\n\t\t\t\t\t<\/div>\n\t\t\t\t\t<\/div>\n\t\t\t\t<\/div>\n\t\t\t\t<\/div>\n\t\t\t\t\t<\/div>\n\t\t\t\t<\/div>\n\t\t\t\t<\/div>","protected":false},"excerpt":{"rendered":"<p>Germany Gallery<\/p>","protected":false},"author":4,"featured_media":0,"parent":0,"menu_order":0,"comment_status":"closed","ping_status":"closed","template":"elementor_header_footer","meta":{"footnotes":""},"folder":[],"class_list":["post-8704","page","type-page","status-publish","hentry"],"_links":{"self":[{"href":"https:\/\/thetailorsphotography.com\/en\/wp-json\/wp\/v2\/pages\/8704","targetHints":{"allow":["GET"]}}],"collection":[{"href":"https:\/\/thetailorsphotography.com\/en\/wp-json\/wp\/v2\/pages"}],"about":[{"href":"https:\/\/thetailorsphotography.com\/en\/wp-json\/wp\/v2\/types\/page"}],"author":[{"embeddable":true,"href":"https:\/\/thetailorsphotography.com\/en\/wp-json\/wp\/v2\/users\/4"}],"replies":[{"embeddable":true,"href":"https:\/\/thetailorsphotography.com\/en\/wp-json\/wp\/v2\/comments?post=8704"}],"version-history":[{"count":7,"href":"https:\/\/thetailorsphotography.com\/en\/wp-json\/wp\/v2\/pages\/8704\/revisions"}],"predecessor-version":[{"id":8882,"href":"https:\/\/thetailorsphotography.com\/en\/wp-json\/wp\/v2\/pages\/8704\/revisions\/8882"}],"wp:attachment":[{"href":"https:\/\/thetailorsphotography.com\/en\/wp-json\/wp\/v2\/media?parent=8704"}],"wp:term":[{"taxonomy":"folder","embeddable":true,"href":"https:\/\/thetailorsphotography.com\/en\/wp-json\/wp\/v2\/folder?post=8704"}],"curies":[{"name":"wp","href":"https:\/\/api.w.org\/{rel}","templated":true}]}}