{"id":8695,"date":"2026-02-12T16:06:42","date_gmt":"2026-02-12T15:06:42","guid":{"rendered":"http:\/\/thetailorsphotography.com\/?page_id=8695"},"modified":"2026-02-16T13:51:33","modified_gmt":"2026-02-16T12:51:33","slug":"austria","status":"publish","type":"page","link":"https:\/\/thetailorsphotography.com\/en\/austria\/","title":{"rendered":"Austria"},"content":{"rendered":"<div data-elementor-type=\"wp-page\" data-elementor-id=\"8695\" class=\"elementor elementor-8695\" data-elementor-post-type=\"page\">\n\t\t\t\t<div class=\"elementor-element elementor-element-dd67ea3 e-flex e-con-boxed e-con e-parent\" data-id=\"dd67ea3\" data-element_type=\"container\" data-e-type=\"container\" data-settings=\"{&quot;background_background&quot;:&quot;classic&quot;}\">\n\t\t\t\t\t<div class=\"e-con-inner\">\n\t\t<div class=\"elementor-element elementor-element-5d449c3 e-con-full e-flex e-con e-child\" data-id=\"5d449c3\" data-element_type=\"container\" data-e-type=\"container\">\n\t\t\t\t<div class=\"elementor-element elementor-element-b77d430 elementor-widget elementor-widget-image\" data-id=\"b77d430\" data-element_type=\"widget\" data-e-type=\"widget\" data-widget_type=\"image.default\">\n\t\t\t\t<div class=\"elementor-widget-container\">\n\t\t\t\t\t\t\t\t\t\t\t\t\t\t\t<img fetchpriority=\"high\" decoding=\"async\" width=\"648\" height=\"1024\" src=\"https:\/\/thetailorsphotography.com\/wp-content\/uploads\/2025\/12\/Tailors-Favicon-White-648x1024.png\" class=\"attachment-large size-large wp-image-6241\" alt=\"Stylized, overlapping white letters U and P on a black background, perfect for photography or film branding, e.g. for a wedding abroad.\" srcset=\"https:\/\/thetailorsphotography.com\/wp-content\/uploads\/2025\/12\/Tailors-Favicon-White-648x1024.png 648w, https:\/\/thetailorsphotography.com\/wp-content\/uploads\/2025\/12\/Tailors-Favicon-White-190x300.png 190w, https:\/\/thetailorsphotography.com\/wp-content\/uploads\/2025\/12\/Tailors-Favicon-White-768x1213.png 768w, https:\/\/thetailorsphotography.com\/wp-content\/uploads\/2025\/12\/Tailors-Favicon-White-972x1536.png 972w, https:\/\/thetailorsphotography.com\/wp-content\/uploads\/2025\/12\/Tailors-Favicon-White-1296x2048.png 1296w, https:\/\/thetailorsphotography.com\/wp-content\/uploads\/2025\/12\/Tailors-Favicon-White-scaled.png 1620w\" sizes=\"(max-width: 648px) 100vw, 648px\" title=\"\">\t\t\t\t\t\t\t\t\t\t\t\t\t\t\t<\/div>\n\t\t\t\t<\/div>\n\t\t\t\t<div class=\"elementor-element elementor-element-c459d4c elementor-widget elementor-widget-heading\" data-id=\"c459d4c\" data-element_type=\"widget\" data-e-type=\"widget\" data-widget_type=\"heading.default\">\n\t\t\t\t<div class=\"elementor-widget-container\">\n\t\t\t\t\t<h2 class=\"elementor-heading-title elementor-size-default\">Austria Gallery<\/h2>\t\t\t\t<\/div>\n\t\t\t\t<\/div>\n\t\t\t\t<\/div>\n\t\t\t\t\t<\/div>\n\t\t\t\t<\/div>\n\t\t<div class=\"elementor-element elementor-element-34ef0a1 e-flex e-con-boxed e-con e-parent\" data-id=\"34ef0a1\" data-element_type=\"container\" data-e-type=\"container\" data-settings=\"{&quot;background_background&quot;:&quot;classic&quot;}\">\n\t\t\t\t\t<div class=\"e-con-inner\">\n\t\t<div class=\"elementor-element elementor-element-6dd3d26 e-con-full e-flex e-con e-child\" data-id=\"6dd3d26\" data-element_type=\"container\" data-e-type=\"container\">\n\t\t\t\t<div class=\"elementor-element elementor-element-f21cf44 elementor-widget elementor-widget-gallery\" data-id=\"f21cf44\" data-element_type=\"widget\" data-e-type=\"widget\" data-settings=\"{&quot;gallery_layout&quot;:&quot;justified&quot;,&quot;ideal_row_height&quot;:{&quot;unit&quot;:&quot;px&quot;,&quot;size&quot;:200,&quot;sizes&quot;:[]},&quot;ideal_row_height_tablet&quot;:{&quot;unit&quot;:&quot;px&quot;,&quot;size&quot;:150,&quot;sizes&quot;:[]},&quot;ideal_row_height_mobile&quot;:{&quot;unit&quot;:&quot;px&quot;,&quot;size&quot;:150,&quot;sizes&quot;:[]},&quot;gap&quot;:{&quot;unit&quot;:&quot;px&quot;,&quot;size&quot;:10,&quot;sizes&quot;:[]},&quot;gap_tablet&quot;:{&quot;unit&quot;:&quot;px&quot;,&quot;size&quot;:10,&quot;sizes&quot;:[]},&quot;gap_mobile&quot;:{&quot;unit&quot;:&quot;px&quot;,&quot;size&quot;:10,&quot;sizes&quot;:[]},&quot;content_hover_animation&quot;:&quot;fade-in&quot;}\" data-widget_type=\"gallery.default\">\n\t\t\t\t<div class=\"elementor-widget-container\">\n\t\t\t\t\t\t\t<div class=\"elementor-gallery__container\">\n\t\t\t\t\t\t\t<div class=\"e-gallery-item elementor-gallery-item elementor-animated-content\">\n\t\t\t\t\t<div class=\"e-gallery-image elementor-gallery-item__image\" data-thumbnail=\"https:\/\/thetailorsphotography.com\/wp-content\/uploads\/2026\/02\/TheTailors_ApricotWhispers_Gettogether_Austria7-1024x1536.jpg\" data-width=\"1024\" data-height=\"1536\" aria-label=\"Zwei H\u00e4nde halten Gl\u00e4ser mit orangefarbenen Eiscocktails mit Strohhalmen vor verschwommenen Blumen - eine erfrischende Szene, perfekt f\u00fcr eine filmreife Hochzeit im Ausland oder eine romantische Feier am Urlaubsort.\" role=\"img\" ><\/div>\n\t\t\t\t\t\t\t\t\t\t\t\t\t\t<\/div>\n\t\t\t\t\t\t\t<div class=\"e-gallery-item elementor-gallery-item elementor-animated-content\">\n\t\t\t\t\t<div class=\"e-gallery-image elementor-gallery-item__image\" data-thumbnail=\"https:\/\/thetailorsphotography.com\/wp-content\/uploads\/2026\/02\/TheTailors_ApricotWhispers_Gettogether_Austria2-1024x1536.jpg\" data-width=\"1024\" data-height=\"1536\" aria-label=\"Eleganter Esstisch im Freien mit Holzst\u00fchlen vor einer historischen, beigen Villa mit gew\u00f6lbten Balkonen - ein einladendes Ziel, das sich perfekt f\u00fcr filmisch inspirierte Fotos eignet.\" role=\"img\" ><\/div>\n\t\t\t\t\t\t\t\t\t\t\t\t\t\t<\/div>\n\t\t\t\t\t\t\t<div class=\"e-gallery-item elementor-gallery-item elementor-animated-content\">\n\t\t\t\t\t<div class=\"e-gallery-image elementor-gallery-item__image\" data-thumbnail=\"https:\/\/thetailorsphotography.com\/wp-content\/uploads\/2026\/02\/TheTailors_ApricotWhispers_Gettogether_Austria4-1536x1024.jpg\" data-width=\"1536\" data-height=\"1024\" aria-label=\"Ein langer Esstisch im Freien mit wei\u00dfem Tischtuch und Blumen, umgeben von Holzst\u00fchlen in der N\u00e4he eines Steingeb\u00e4udes - perfekt f\u00fcr eine Hochzeit im Ausland, die wie eine Szene aus einem romantischen Film wirkt.\" role=\"img\" ><\/div>\n\t\t\t\t\t\t\t\t\t\t\t\t\t\t<\/div>\n\t\t\t\t\t\t\t<div class=\"e-gallery-item elementor-gallery-item elementor-animated-content\">\n\t\t\t\t\t<div class=\"e-gallery-image elementor-gallery-item__image\" data-thumbnail=\"https:\/\/thetailorsphotography.com\/wp-content\/uploads\/2026\/02\/TheTailors_ApricotWhispers_Gettogether_Austria5-1024x1536.jpg\" data-width=\"1024\" data-height=\"1536\" aria-label=\"Ein eleganter Esstisch im Freien mit Holzst\u00fchlen, wei\u00dfer Tischdecke und Blumenschmuck vor einem rustikalen Geb\u00e4ude - aufgenommen in einem Fotostil, der den Luxus von Zusammenk\u00fcnften im Freien unterstreicht.\" role=\"img\" ><\/div>\n\t\t\t\t\t\t\t\t\t\t\t\t\t\t<\/div>\n\t\t\t\t\t\t\t<div class=\"e-gallery-item elementor-gallery-item elementor-animated-content\">\n\t\t\t\t\t<div class=\"e-gallery-image elementor-gallery-item__image\" data-thumbnail=\"https:\/\/thetailorsphotography.com\/wp-content\/uploads\/2026\/02\/TheTailors_ApricotWhispers_Gettogether_Austria6-1024x1536.jpg\" data-width=\"1024\" data-height=\"1536\" aria-label=\"Eine Frau in einem schwarzen Kleid und einem gro\u00dfen orangefarbenen Hut sitzt l\u00e4chelnd an einem f\u00fcr ein luxuri\u00f6ses Essen gedeckten Tisch im Freien und f\u00e4ngt die Eleganz einer Veranstaltung am Reiseziel ein.\" role=\"img\" ><\/div>\n\t\t\t\t\t\t\t\t\t\t\t\t\t\t<\/div>\n\t\t\t\t\t\t\t<div class=\"e-gallery-item elementor-gallery-item elementor-animated-content\">\n\t\t\t\t\t<div class=\"e-gallery-image elementor-gallery-item__image\" data-thumbnail=\"https:\/\/thetailorsphotography.com\/wp-content\/uploads\/2026\/02\/TheTailors_ApricotWhispers_Gettogether_Austria1-1024x1536.jpg\" data-width=\"1024\" data-height=\"1536\" aria-label=\"Ein eleganter Esstisch im Freien mit orangefarbenen Blumen, Korblampen und neutralen St\u00fchlen in einem \u00fcppigen Garten - perfekt, um eine filmreife Luxus-Hochzeit im Ausland einzufangen.\" role=\"img\" ><\/div>\n\t\t\t\t\t\t\t\t\t\t\t\t\t\t<\/div>\n\t\t\t\t\t\t\t<div class=\"e-gallery-item elementor-gallery-item elementor-animated-content\">\n\t\t\t\t\t<div class=\"e-gallery-image elementor-gallery-item__image\" data-thumbnail=\"https:\/\/thetailorsphotography.com\/wp-content\/uploads\/2026\/02\/TheTailors_ApricotWhispers_Gettogether_Austria3-1536x1024.jpg\" data-width=\"1536\" data-height=\"1024\" aria-label=\"Ein langer Tisch mit eleganten St\u00fchlen, Blumenschmuck und gro\u00dfen geflochtenen Laternen - perfekt f\u00fcr eine Hochzeit im Ausland - vor einem alten Steingeb\u00e4ude, das direkt aus einem romantischen Film stammt und ideal f\u00fcr atemberaubende Fotos ist.\" role=\"img\" ><\/div>\n\t\t\t\t\t\t\t\t\t\t\t\t\t\t<\/div>\n\t\t\t\t\t<\/div>\n\t\t\t\t\t<\/div>\n\t\t\t\t<\/div>\n\t\t\t\t<\/div>\n\t\t\t\t\t<\/div>\n\t\t\t\t<\/div>\n\t\t\t\t<\/div>","protected":false},"excerpt":{"rendered":"<p>Austria Gallery<\/p>","protected":false},"author":4,"featured_media":0,"parent":0,"menu_order":0,"comment_status":"closed","ping_status":"closed","template":"elementor_header_footer","meta":{"footnotes":""},"folder":[],"class_list":["post-8695","page","type-page","status-publish","hentry"],"_links":{"self":[{"href":"https:\/\/thetailorsphotography.com\/en\/wp-json\/wp\/v2\/pages\/8695","targetHints":{"allow":["GET"]}}],"collection":[{"href":"https:\/\/thetailorsphotography.com\/en\/wp-json\/wp\/v2\/pages"}],"about":[{"href":"https:\/\/thetailorsphotography.com\/en\/wp-json\/wp\/v2\/types\/page"}],"author":[{"embeddable":true,"href":"https:\/\/thetailorsphotography.com\/en\/wp-json\/wp\/v2\/users\/4"}],"replies":[{"embeddable":true,"href":"https:\/\/thetailorsphotography.com\/en\/wp-json\/wp\/v2\/comments?post=8695"}],"version-history":[{"count":10,"href":"https:\/\/thetailorsphotography.com\/en\/wp-json\/wp\/v2\/pages\/8695\/revisions"}],"predecessor-version":[{"id":8802,"href":"https:\/\/thetailorsphotography.com\/en\/wp-json\/wp\/v2\/pages\/8695\/revisions\/8802"}],"wp:attachment":[{"href":"https:\/\/thetailorsphotography.com\/en\/wp-json\/wp\/v2\/media?parent=8695"}],"wp:term":[{"taxonomy":"folder","embeddable":true,"href":"https:\/\/thetailorsphotography.com\/en\/wp-json\/wp\/v2\/folder?post=8695"}],"curies":[{"name":"wp","href":"https:\/\/api.w.org\/{rel}","templated":true}]}}