{"id":7240,"date":"2025-12-18T22:31:42","date_gmt":"2025-12-18T21:31:42","guid":{"rendered":"http:\/\/thetailorsphotography.com\/?page_id=7240"},"modified":"2026-02-16T13:59:57","modified_gmt":"2026-02-16T12:59:57","slug":"spain","status":"publish","type":"page","link":"https:\/\/thetailorsphotography.com\/en\/spain\/","title":{"rendered":"Spain"},"content":{"rendered":"<div data-elementor-type=\"wp-page\" data-elementor-id=\"7240\" class=\"elementor elementor-7240\" data-elementor-post-type=\"page\">\n\t\t\t\t<div class=\"elementor-element elementor-element-e660f5c e-flex e-con-boxed e-con e-parent\" data-id=\"e660f5c\" data-element_type=\"container\" data-e-type=\"container\" data-settings=\"{&quot;background_background&quot;:&quot;classic&quot;}\">\n\t\t\t\t\t<div class=\"e-con-inner\">\n\t\t<div class=\"elementor-element elementor-element-346308a e-con-full e-flex e-con e-child\" data-id=\"346308a\" data-element_type=\"container\" data-e-type=\"container\">\n\t\t\t\t<div class=\"elementor-element elementor-element-8b38327 elementor-widget elementor-widget-image\" data-id=\"8b38327\" data-element_type=\"widget\" data-e-type=\"widget\" data-widget_type=\"image.default\">\n\t\t\t\t<div class=\"elementor-widget-container\">\n\t\t\t\t\t\t\t\t\t\t\t\t\t\t\t<img fetchpriority=\"high\" decoding=\"async\" width=\"648\" height=\"1024\" src=\"https:\/\/thetailorsphotography.com\/wp-content\/uploads\/2025\/12\/Tailors-Favicon-White-648x1024.png\" class=\"attachment-large size-large wp-image-6241\" alt=\"Stylized, overlapping white letters U and P on a black background, perfect for photography or film branding, e.g. for a wedding abroad.\" srcset=\"https:\/\/thetailorsphotography.com\/wp-content\/uploads\/2025\/12\/Tailors-Favicon-White-648x1024.png 648w, https:\/\/thetailorsphotography.com\/wp-content\/uploads\/2025\/12\/Tailors-Favicon-White-190x300.png 190w, https:\/\/thetailorsphotography.com\/wp-content\/uploads\/2025\/12\/Tailors-Favicon-White-768x1213.png 768w, https:\/\/thetailorsphotography.com\/wp-content\/uploads\/2025\/12\/Tailors-Favicon-White-972x1536.png 972w, https:\/\/thetailorsphotography.com\/wp-content\/uploads\/2025\/12\/Tailors-Favicon-White-1296x2048.png 1296w, https:\/\/thetailorsphotography.com\/wp-content\/uploads\/2025\/12\/Tailors-Favicon-White-scaled.png 1620w\" sizes=\"(max-width: 648px) 100vw, 648px\" title=\"\">\t\t\t\t\t\t\t\t\t\t\t\t\t\t\t<\/div>\n\t\t\t\t<\/div>\n\t\t\t\t<div class=\"elementor-element elementor-element-99b9dc7 elementor-widget elementor-widget-heading\" data-id=\"99b9dc7\" data-element_type=\"widget\" data-e-type=\"widget\" data-widget_type=\"heading.default\">\n\t\t\t\t<div class=\"elementor-widget-container\">\n\t\t\t\t\t<h2 class=\"elementor-heading-title elementor-size-default\">Spain Gallery<\/h2>\t\t\t\t<\/div>\n\t\t\t\t<\/div>\n\t\t\t\t<\/div>\n\t\t\t\t\t<\/div>\n\t\t\t\t<\/div>\n\t\t<div class=\"elementor-element elementor-element-b237325 e-flex e-con-boxed e-con e-parent\" data-id=\"b237325\" data-element_type=\"container\" data-e-type=\"container\" data-settings=\"{&quot;background_background&quot;:&quot;classic&quot;}\">\n\t\t\t\t\t<div class=\"e-con-inner\">\n\t\t<div class=\"elementor-element elementor-element-9a979dd e-con-full e-flex e-con e-child\" data-id=\"9a979dd\" data-element_type=\"container\" data-e-type=\"container\">\n\t\t\t\t<div class=\"elementor-element elementor-element-09c7e94 elementor-widget elementor-widget-gallery\" data-id=\"09c7e94\" data-element_type=\"widget\" data-e-type=\"widget\" data-settings=\"{&quot;gallery_layout&quot;:&quot;justified&quot;,&quot;ideal_row_height&quot;:{&quot;unit&quot;:&quot;px&quot;,&quot;size&quot;:200,&quot;sizes&quot;:[]},&quot;ideal_row_height_tablet&quot;:{&quot;unit&quot;:&quot;px&quot;,&quot;size&quot;:150,&quot;sizes&quot;:[]},&quot;ideal_row_height_mobile&quot;:{&quot;unit&quot;:&quot;px&quot;,&quot;size&quot;:150,&quot;sizes&quot;:[]},&quot;gap&quot;:{&quot;unit&quot;:&quot;px&quot;,&quot;size&quot;:10,&quot;sizes&quot;:[]},&quot;gap_tablet&quot;:{&quot;unit&quot;:&quot;px&quot;,&quot;size&quot;:10,&quot;sizes&quot;:[]},&quot;gap_mobile&quot;:{&quot;unit&quot;:&quot;px&quot;,&quot;size&quot;:10,&quot;sizes&quot;:[]},&quot;content_hover_animation&quot;:&quot;fade-in&quot;}\" data-widget_type=\"gallery.default\">\n\t\t\t\t<div class=\"elementor-widget-container\">\n\t\t\t\t\t\t\t<div class=\"elementor-gallery__container\">\n\t\t\t\t\t\t\t<div class=\"e-gallery-item elementor-gallery-item elementor-animated-content\">\n\t\t\t\t\t<div class=\"e-gallery-image elementor-gallery-item__image\" data-thumbnail=\"https:\/\/thetailorsphotography.com\/wp-content\/uploads\/2025\/12\/The-Tailors-Photography-Luxury-Weddings-Worldwide-Europe-Italy-10-1024x1536.jpg\" data-width=\"1024\" data-height=\"1536\" aria-label=\"Braut und Br\u00e4utigam schreiten durch einen mit wei\u00dfen und blauen Blumen ges\u00e4umten Gang im Freien, umgeben von \u00fcppigem Gr\u00fcn, und schaffen so eine filmreife Kulisse f\u00fcr ihre Hochzeit am Urlaubsort.\" role=\"img\" ><\/div>\n\t\t\t\t\t\t\t\t\t\t\t\t\t\t<\/div>\n\t\t\t\t\t\t\t<div class=\"e-gallery-item elementor-gallery-item elementor-animated-content\">\n\t\t\t\t\t<div class=\"e-gallery-image elementor-gallery-item__image\" data-thumbnail=\"https:\/\/thetailorsphotography.com\/wp-content\/uploads\/2024\/11\/Summer-wedding-on-Mallorca-3.jpg\" data-width=\"1000\" data-height=\"1500\" aria-label=\"Sonnenuntergang \u00fcber einem ruhigen Meer mit dunstigem Himmel und sanften orangefarbenen Reflexen auf dem Wasser, die ein luxuri\u00f6ses Ambiente schaffen, das perfekt f\u00fcr eine Hochzeit im Ausland oder einen unvergesslichen Moment in jedem Film ist.\" role=\"img\" ><\/div>\n\t\t\t\t\t\t\t\t\t\t\t\t\t\t<\/div>\n\t\t\t\t\t\t\t<div class=\"e-gallery-item elementor-gallery-item elementor-animated-content\">\n\t\t\t\t\t<div class=\"e-gallery-image elementor-gallery-item__image\" data-thumbnail=\"https:\/\/thetailorsphotography.com\/wp-content\/uploads\/2025\/12\/The-Tailors-Photography-Luxury-Weddings-Worldwide-Europe-Italy-8-1024x1536.jpg\" data-width=\"1024\" data-height=\"1536\" aria-label=\"Eine Braut und ein Br\u00e4utigam stehen im Freien zwischen wei\u00dfen und blauen Blumen, umgeben von Gr\u00fcn und Palmen, und fangen die Essenz einer vertr\u00e4umten Reiseziel-Hochzeit im zeitlosen Filmfotografie-Stil ein.\" role=\"img\" ><\/div>\n\t\t\t\t\t\t\t\t\t\t\t\t\t\t<\/div>\n\t\t\t\t\t\t\t<div class=\"e-gallery-item elementor-gallery-item elementor-animated-content\">\n\t\t\t\t\t<div class=\"e-gallery-image elementor-gallery-item__image\" data-thumbnail=\"https:\/\/thetailorsphotography.com\/wp-content\/uploads\/2025\/12\/The-Tailors-Photography-Luxury-Wedding6-1536x1024.jpg\" data-width=\"1536\" data-height=\"1024\" aria-label=\"Braut und Br\u00e4utigam sitzen w\u00e4hrend einer luxuri\u00f6sen Hochzeitszeremonie im Freien unter einem farbenfrohen Blumenbogen und verleihen der Szene eine echte Reisefilmatmosph\u00e4re, w\u00e4hrend die G\u00e4ste zusehen.\" role=\"img\" ><\/div>\n\t\t\t\t\t\t\t\t\t\t\t\t\t\t<\/div>\n\t\t\t\t\t\t\t<div class=\"e-gallery-item elementor-gallery-item elementor-animated-content\">\n\t\t\t\t\t<div class=\"e-gallery-image elementor-gallery-item__image\" data-thumbnail=\"https:\/\/thetailorsphotography.com\/wp-content\/uploads\/2025\/12\/The-Tailors-Photography-Luxury-Weddings-Worldwide-Europe-Italy-9-1024x1536.jpg\" data-width=\"1024\" data-height=\"1536\" aria-label=\"Braut und Br\u00e4utigam stehen sich im Freien gegen\u00fcber, umgeben von wei\u00dfen und blauen Blumen, in einer wundersch\u00f6nen Destination Wedding, die mit zeitloser Filmfotografie festgehalten wurde.\" role=\"img\" ><\/div>\n\t\t\t\t\t\t\t\t\t\t\t\t\t\t<\/div>\n\t\t\t\t\t\t\t<div class=\"e-gallery-item elementor-gallery-item elementor-animated-content\">\n\t\t\t\t\t<div class=\"e-gallery-image elementor-gallery-item__image\" data-thumbnail=\"https:\/\/thetailorsphotography.com\/wp-content\/uploads\/2024\/11\/Summer-wedding-on-Mallorca-1-1536x1024.jpg\" data-width=\"1536\" data-height=\"1024\" aria-label=\"Bride and groom sit under a colorful floral arch at a luxurious outdoor wedding ceremony, while guests watch as the moment is beautifully captured in photography.\" role=\"img\" ><\/div>\n\t\t\t\t\t\t\t\t\t\t\t\t\t\t<\/div>\n\t\t\t\t\t\t\t<div class=\"e-gallery-item elementor-gallery-item elementor-animated-content\">\n\t\t\t\t\t<div class=\"e-gallery-image elementor-gallery-item__image\" data-thumbnail=\"https:\/\/thetailorsphotography.com\/wp-content\/uploads\/2024\/11\/Summer-wedding-on-Mallorca-57.jpg\" data-width=\"1500\" data-height=\"1123\" aria-label=\"Luftbildfotografie von runden Tischen und einem langen Tisch, die f\u00fcr eine Luxus-Au\u00dfenveranstaltung auf einer gefliesten Terrasse gedeckt sind.\" role=\"img\" ><\/div>\n\t\t\t\t\t\t\t\t\t\t\t\t\t\t<\/div>\n\t\t\t\t\t\t\t<div class=\"e-gallery-item elementor-gallery-item elementor-animated-content\">\n\t\t\t\t\t<div class=\"e-gallery-image elementor-gallery-item__image\" data-thumbnail=\"https:\/\/thetailorsphotography.com\/wp-content\/uploads\/2025\/12\/The-Tailors-Photography-Luxury-Weddings-Worldwide-Europe-Italy-11-1024x1536.jpg\" data-width=\"1024\" data-height=\"1536\" aria-label=\"Eine gr\u00fcne Heckenwand mit dem Zeichen Ring for champagne und einer silbernen Glocke, perfekt f\u00fcr die Fotografie bei Ihrer Hochzeit im Ausland, mit sich wiegenden Palmen im Zielhintergrund.\" role=\"img\" ><\/div>\n\t\t\t\t\t\t\t\t\t\t\t\t\t\t<\/div>\n\t\t\t\t\t\t\t<div class=\"e-gallery-item elementor-gallery-item elementor-animated-content\">\n\t\t\t\t\t<div class=\"e-gallery-image elementor-gallery-item__image\" data-thumbnail=\"https:\/\/thetailorsphotography.com\/wp-content\/uploads\/2025\/12\/The-Tailors-Photography-Luxury-Wedding5-1025x1536.jpg\" data-width=\"1025\" data-height=\"1536\" aria-label=\"Braut und Br\u00e4utigam sitzen bei ihrer Hochzeit am Urlaubsort unter einem farbenfrohen Blumenbogen, umgeben von leuchtenden Blumen - ein unvergesslicher Moment, eingefangen in exquisiter Fotografie.\" role=\"img\" ><\/div>\n\t\t\t\t\t\t\t\t\t\t\t\t\t\t<\/div>\n\t\t\t\t\t\t\t<div class=\"e-gallery-item elementor-gallery-item elementor-animated-content\">\n\t\t\t\t\t<div class=\"e-gallery-image elementor-gallery-item__image\" data-thumbnail=\"https:\/\/thetailorsphotography.com\/wp-content\/uploads\/2024\/11\/Summer-wedding-on-Mallorca-21.jpg\" data-width=\"1500\" data-height=\"1000\" aria-label=\"Brautjungfern in zartrosa Kleidern schreiten bei einer luxuri\u00f6sen Hochzeitszeremonie im Freien einen mit Blumen ges\u00e4umten Gang hinunter - perfekt f\u00fcr eine Hochzeit im Ausland und eine unvergessliche Fotografie.\" role=\"img\" ><\/div>\n\t\t\t\t\t\t\t\t\t\t\t\t\t\t<\/div>\n\t\t\t\t\t\t\t<div class=\"e-gallery-item elementor-gallery-item elementor-animated-content\">\n\t\t\t\t\t<div class=\"e-gallery-image elementor-gallery-item__image\" data-thumbnail=\"https:\/\/thetailorsphotography.com\/wp-content\/uploads\/2025\/12\/The-Tailors-Photography-Luxury-Weddings-Worldwide-Europe-Italy-12-1536x1024.jpg\" data-width=\"1536\" data-height=\"1024\" aria-label=\"Eine Hochzeitsgesellschaft in wei\u00dfen Kleidern posiert mit Sonnenschirmen auf einer Gartenb\u00fchne, umgeben von Palmen und Gr\u00fcnpflanzen - die perfekte Kulisse f\u00fcr eine traumhafte Hochzeit im Ausland.\" role=\"img\" ><\/div>\n\t\t\t\t\t\t\t\t\t\t\t\t\t\t<\/div>\n\t\t\t\t\t\t\t<div class=\"e-gallery-item elementor-gallery-item elementor-animated-content\">\n\t\t\t\t\t<div class=\"e-gallery-image elementor-gallery-item__image\" data-thumbnail=\"https:\/\/thetailorsphotography.com\/wp-content\/uploads\/2024\/11\/Summer-wedding-on-Mallorca-2.jpg\" data-width=\"1500\" data-height=\"1123\" aria-label=\"Die Luftaufnahme zeigt eine felsige K\u00fcste mit kristallklarem Wasser und einem kleinen Boot, das vor der K\u00fcste ankert und die Anziehungskraft eines unber\u00fchrten Reiseziels ausstrahlt.\" role=\"img\" ><\/div>\n\t\t\t\t\t\t\t\t\t\t\t\t\t\t<\/div>\n\t\t\t\t\t\t\t<div class=\"e-gallery-item elementor-gallery-item elementor-animated-content\">\n\t\t\t\t\t<div class=\"e-gallery-image elementor-gallery-item__image\" data-thumbnail=\"https:\/\/thetailorsphotography.com\/wp-content\/uploads\/2024\/11\/Summer-wedding-on-Mallorca-10.jpg\" data-width=\"1000\" data-height=\"1500\" aria-label=\"Ein durchsichtiges Spitzenhochzeitskleid h\u00e4ngt an einer T\u00fcr; Brautstrau\u00df und Schuhe sind auf dem Boden darunter arrangiert, bereit f\u00fcr eine Destination Hochzeit im Ausland - festgehalten in stilvoller Fotografie.\" role=\"img\" ><\/div>\n\t\t\t\t\t\t\t\t\t\t\t\t\t\t<\/div>\n\t\t\t\t\t\t\t<div class=\"e-gallery-item elementor-gallery-item elementor-animated-content\">\n\t\t\t\t\t<div class=\"e-gallery-image elementor-gallery-item__image\" data-thumbnail=\"https:\/\/thetailorsphotography.com\/wp-content\/uploads\/2024\/11\/Summer-wedding-on-Mallorca-45.jpg\" data-width=\"1000\" data-height=\"1500\" aria-label=\"Braut und Br\u00e4utigam schenken an ihrem Hochzeitstag am Pool gemeinsam Champagner in einen Glasturm ein und fangen so einen filmreifen Moment ein.\" role=\"img\" ><\/div>\n\t\t\t\t\t\t\t\t\t\t\t\t\t\t<\/div>\n\t\t\t\t\t<\/div>\n\t\t\t\t\t<\/div>\n\t\t\t\t<\/div>\n\t\t\t\t<\/div>\n\t\t\t\t\t<\/div>\n\t\t\t\t<\/div>\n\t\t\t\t<\/div>","protected":false},"excerpt":{"rendered":"<p>Spain Gallery<\/p>","protected":false},"author":4,"featured_media":0,"parent":0,"menu_order":0,"comment_status":"closed","ping_status":"closed","template":"elementor_header_footer","meta":{"footnotes":""},"folder":[],"class_list":["post-7240","page","type-page","status-publish","hentry"],"_links":{"self":[{"href":"https:\/\/thetailorsphotography.com\/en\/wp-json\/wp\/v2\/pages\/7240","targetHints":{"allow":["GET"]}}],"collection":[{"href":"https:\/\/thetailorsphotography.com\/en\/wp-json\/wp\/v2\/pages"}],"about":[{"href":"https:\/\/thetailorsphotography.com\/en\/wp-json\/wp\/v2\/types\/page"}],"author":[{"embeddable":true,"href":"https:\/\/thetailorsphotography.com\/en\/wp-json\/wp\/v2\/users\/4"}],"replies":[{"embeddable":true,"href":"https:\/\/thetailorsphotography.com\/en\/wp-json\/wp\/v2\/comments?post=7240"}],"version-history":[{"count":7,"href":"https:\/\/thetailorsphotography.com\/en\/wp-json\/wp\/v2\/pages\/7240\/revisions"}],"predecessor-version":[{"id":8662,"href":"https:\/\/thetailorsphotography.com\/en\/wp-json\/wp\/v2\/pages\/7240\/revisions\/8662"}],"wp:attachment":[{"href":"https:\/\/thetailorsphotography.com\/en\/wp-json\/wp\/v2\/media?parent=7240"}],"wp:term":[{"taxonomy":"folder","embeddable":true,"href":"https:\/\/thetailorsphotography.com\/en\/wp-json\/wp\/v2\/folder?post=7240"}],"curies":[{"name":"wp","href":"https:\/\/api.w.org\/{rel}","templated":true}]}}