{"id":7238,"date":"2025-12-18T22:31:34","date_gmt":"2025-12-18T21:31:34","guid":{"rendered":"http:\/\/thetailorsphotography.com\/?page_id=7238"},"modified":"2026-02-16T14:02:59","modified_gmt":"2026-02-16T13:02:59","slug":"usa","status":"publish","type":"page","link":"https:\/\/thetailorsphotography.com\/en\/usa\/","title":{"rendered":"USA"},"content":{"rendered":"<div data-elementor-type=\"wp-page\" data-elementor-id=\"7238\" class=\"elementor elementor-7238\" data-elementor-post-type=\"page\">\n\t\t\t\t<div class=\"elementor-element elementor-element-0f15851 e-flex e-con-boxed e-con e-parent\" data-id=\"0f15851\" data-element_type=\"container\" data-e-type=\"container\" data-settings=\"{&quot;background_background&quot;:&quot;classic&quot;}\">\n\t\t\t\t\t<div class=\"e-con-inner\">\n\t\t<div class=\"elementor-element elementor-element-f164c95 e-con-full e-flex e-con e-child\" data-id=\"f164c95\" data-element_type=\"container\" data-e-type=\"container\">\n\t\t\t\t<div class=\"elementor-element elementor-element-97d2cf5 elementor-widget elementor-widget-image\" data-id=\"97d2cf5\" data-element_type=\"widget\" data-e-type=\"widget\" data-widget_type=\"image.default\">\n\t\t\t\t<div class=\"elementor-widget-container\">\n\t\t\t\t\t\t\t\t\t\t\t\t\t\t\t<img fetchpriority=\"high\" decoding=\"async\" width=\"648\" height=\"1024\" src=\"https:\/\/thetailorsphotography.com\/wp-content\/uploads\/2025\/12\/Tailors-Favicon-White-648x1024.png\" class=\"attachment-large size-large wp-image-6241\" alt=\"Stylized, overlapping white letters U and P on a black background, perfect for photography or film branding, e.g. for a wedding abroad.\" srcset=\"https:\/\/thetailorsphotography.com\/wp-content\/uploads\/2025\/12\/Tailors-Favicon-White-648x1024.png 648w, https:\/\/thetailorsphotography.com\/wp-content\/uploads\/2025\/12\/Tailors-Favicon-White-190x300.png 190w, https:\/\/thetailorsphotography.com\/wp-content\/uploads\/2025\/12\/Tailors-Favicon-White-768x1213.png 768w, https:\/\/thetailorsphotography.com\/wp-content\/uploads\/2025\/12\/Tailors-Favicon-White-972x1536.png 972w, https:\/\/thetailorsphotography.com\/wp-content\/uploads\/2025\/12\/Tailors-Favicon-White-1296x2048.png 1296w, https:\/\/thetailorsphotography.com\/wp-content\/uploads\/2025\/12\/Tailors-Favicon-White-scaled.png 1620w\" sizes=\"(max-width: 648px) 100vw, 648px\" title=\"\">\t\t\t\t\t\t\t\t\t\t\t\t\t\t\t<\/div>\n\t\t\t\t<\/div>\n\t\t\t\t<div class=\"elementor-element elementor-element-e9eb8b7 elementor-widget elementor-widget-heading\" data-id=\"e9eb8b7\" data-element_type=\"widget\" data-e-type=\"widget\" data-widget_type=\"heading.default\">\n\t\t\t\t<div class=\"elementor-widget-container\">\n\t\t\t\t\t<h2 class=\"elementor-heading-title elementor-size-default\">USA Gallery<\/h2>\t\t\t\t<\/div>\n\t\t\t\t<\/div>\n\t\t\t\t<\/div>\n\t\t\t\t\t<\/div>\n\t\t\t\t<\/div>\n\t\t<div class=\"elementor-element elementor-element-9633d89 e-flex e-con-boxed e-con e-parent\" data-id=\"9633d89\" data-element_type=\"container\" data-e-type=\"container\" data-settings=\"{&quot;background_background&quot;:&quot;classic&quot;}\">\n\t\t\t\t\t<div class=\"e-con-inner\">\n\t\t<div class=\"elementor-element elementor-element-eae69f9 e-con-full e-flex e-con e-child\" data-id=\"eae69f9\" data-element_type=\"container\" data-e-type=\"container\">\n\t\t\t\t<div class=\"elementor-element elementor-element-96895b8 elementor-widget elementor-widget-gallery\" data-id=\"96895b8\" data-element_type=\"widget\" data-e-type=\"widget\" data-settings=\"{&quot;gallery_layout&quot;:&quot;justified&quot;,&quot;ideal_row_height&quot;:{&quot;unit&quot;:&quot;px&quot;,&quot;size&quot;:200,&quot;sizes&quot;:[]},&quot;ideal_row_height_tablet&quot;:{&quot;unit&quot;:&quot;px&quot;,&quot;size&quot;:150,&quot;sizes&quot;:[]},&quot;ideal_row_height_mobile&quot;:{&quot;unit&quot;:&quot;px&quot;,&quot;size&quot;:150,&quot;sizes&quot;:[]},&quot;gap&quot;:{&quot;unit&quot;:&quot;px&quot;,&quot;size&quot;:10,&quot;sizes&quot;:[]},&quot;gap_tablet&quot;:{&quot;unit&quot;:&quot;px&quot;,&quot;size&quot;:10,&quot;sizes&quot;:[]},&quot;gap_mobile&quot;:{&quot;unit&quot;:&quot;px&quot;,&quot;size&quot;:10,&quot;sizes&quot;:[]},&quot;content_hover_animation&quot;:&quot;fade-in&quot;}\" data-widget_type=\"gallery.default\">\n\t\t\t\t<div class=\"elementor-widget-container\">\n\t\t\t\t\t\t\t<div class=\"elementor-gallery__container\">\n\t\t\t\t\t\t\t<div class=\"e-gallery-item elementor-gallery-item elementor-animated-content\">\n\t\t\t\t\t<div class=\"e-gallery-image elementor-gallery-item__image\" data-thumbnail=\"https:\/\/thetailorsphotography.com\/wp-content\/uploads\/2024\/10\/Enchanting-Seattle-Wedding-Weekend-12-683x1024-1.jpg\" data-width=\"683\" data-height=\"1024\" aria-label=\"Hochzeitseinladung mit roten Rosen, Perlenschmuck, wei\u00dfen Prada-Abs\u00e4tzen und Ringen auf einer Marmoroberfl\u00e4che - eingefangen in einer eleganten Fotografie, die perfekt f\u00fcr eine Feier am Reiseziel ist.\" role=\"img\" ><\/div>\n\t\t\t\t\t\t\t\t\t\t\t\t\t\t<\/div>\n\t\t\t\t\t\t\t<div class=\"e-gallery-item elementor-gallery-item elementor-animated-content\">\n\t\t\t\t\t<div class=\"e-gallery-image elementor-gallery-item__image\" data-thumbnail=\"https:\/\/thetailorsphotography.com\/wp-content\/uploads\/2024\/04\/Emily-in-New-York-13-683x1024-1.jpg\" data-width=\"683\" data-height=\"1024\" aria-label=\"Eine Frau in einem glitzernden Kleid wirbelt auf einem st\u00e4dtischen B\u00fcrgersteig vor einem eleganten wei\u00dfen Geb\u00e4ude herum und f\u00e4ngt die Essenz von Luxus in Fotografie ein - die perfekte Inspiration f\u00fcr eine Hochzeit im Ausland.\" role=\"img\" ><\/div>\n\t\t\t\t\t\t\t\t\t\t\t\t\t\t<\/div>\n\t\t\t\t\t\t\t<div class=\"e-gallery-item elementor-gallery-item elementor-animated-content\">\n\t\t\t\t\t<div class=\"e-gallery-image elementor-gallery-item__image\" data-thumbnail=\"https:\/\/thetailorsphotography.com\/wp-content\/uploads\/2024\/10\/Enchanting-Seattle-Wedding-Weekend-41-683x1024-1.jpg\" data-width=\"683\" data-height=\"1024\" aria-label=\"Ein Paar in luxuri\u00f6ser Abendgarderobe spaziert bei Sonnenuntergang \u00fcber eine Stra\u00dfe in der Stadt, ihr Moment ist wie eine Szene aus einem Film eingefangen.\" role=\"img\" ><\/div>\n\t\t\t\t\t\t\t\t\t\t\t\t\t\t<\/div>\n\t\t\t\t\t\t\t<div class=\"e-gallery-item elementor-gallery-item elementor-animated-content\">\n\t\t\t\t\t<div class=\"e-gallery-image elementor-gallery-item__image\" data-thumbnail=\"https:\/\/thetailorsphotography.com\/wp-content\/uploads\/2024\/10\/Enchanting-Seattle-Wedding-Weekend-16-683x1024-1.jpg\" data-width=\"683\" data-height=\"1024\" aria-label=\"Acht M\u00e4nner im Smoking stehen hinter einem Mann, der auf einem Stuhl sitzt, und posieren f\u00f6rmlich f\u00fcr die Fotografie vor gro\u00dfen Fenstern - ein zeitloser Moment von einer Destination Hochzeit im Ausland.\" role=\"img\" ><\/div>\n\t\t\t\t\t\t\t\t\t\t\t\t\t\t<\/div>\n\t\t\t\t\t\t\t<div class=\"e-gallery-item elementor-gallery-item elementor-animated-content\">\n\t\t\t\t\t<div class=\"e-gallery-image elementor-gallery-item__image\" data-thumbnail=\"https:\/\/thetailorsphotography.com\/wp-content\/uploads\/2023\/12\/Enchanting-Seattle-Wedding-Weekend-40.jpeg\" data-width=\"1500\" data-height=\"1000\" aria-label=\"Eine Braut und ein Br\u00e4utigam in Hochzeitskleidung halten sich an den H\u00e4nden, w\u00e4hrend sie eine Stadtstra\u00dfe in der N\u00e4he eines gro\u00dfen Geb\u00e4udes \u00fcberqueren. In dieser Fotografie wird der Luxus einer Hochzeit im Ausland eingefangen.\" role=\"img\" ><\/div>\n\t\t\t\t\t\t\t\t\t\t\t\t\t\t<\/div>\n\t\t\t\t\t\t\t<div class=\"e-gallery-item elementor-gallery-item elementor-animated-content\">\n\t\t\t\t\t<div class=\"e-gallery-image elementor-gallery-item__image\" data-thumbnail=\"https:\/\/thetailorsphotography.com\/wp-content\/uploads\/2024\/10\/Enchanting-Seattle-Wedding-Weekend-36-1024x683-1.jpg\" data-width=\"1024\" data-height=\"683\" aria-label=\"Goldene Buchstaben mit der Aufschrift THE SANCTUARY auf einer Steinmauer vor einem Geb\u00e4ude bilden ein eindrucksvolles Ziel f\u00fcr Architektur- und Fotoliebhaber.\" role=\"img\" ><\/div>\n\t\t\t\t\t\t\t\t\t\t\t\t\t\t<\/div>\n\t\t\t\t\t\t\t<div class=\"e-gallery-item elementor-gallery-item elementor-animated-content\">\n\t\t\t\t\t<div class=\"e-gallery-image elementor-gallery-item__image\" data-thumbnail=\"https:\/\/thetailorsphotography.com\/wp-content\/uploads\/2024\/10\/Enchanting-Seattle-Wedding-Weekend-45-683x1024-1.jpg\" data-width=\"683\" data-height=\"1024\" aria-label=\"Eine Braut in einem Satinkleid lehnt an einer Bar und blickt auf einen Mann im Anzug, der auf einer roten Couch sitzt - ein eleganter Moment der Fotografie, perfekt f\u00fcr eine Hochzeit im Ausland oder eine Feier am Urlaubsort.\" role=\"img\" ><\/div>\n\t\t\t\t\t\t\t\t\t\t\t\t\t\t<\/div>\n\t\t\t\t\t\t\t<div class=\"e-gallery-item elementor-gallery-item elementor-animated-content\">\n\t\t\t\t\t<div class=\"e-gallery-image elementor-gallery-item__image\" data-thumbnail=\"https:\/\/thetailorsphotography.com\/wp-content\/uploads\/2024\/04\/Emily-in-New-York-4-683x1024-1.jpg\" data-width=\"683\" data-height=\"1024\" aria-label=\"Eine Frau in einem glitzernden Kleid sitzt an einem Caf\u00e9tisch im Freien vor dem Ralph-Lauren-Gesch\u00e4ft, l\u00e4chelt und verk\u00f6rpert Luxus - ein idealer Moment f\u00fcr Destination Fotografie.\" role=\"img\" ><\/div>\n\t\t\t\t\t\t\t\t\t\t\t\t\t\t<\/div>\n\t\t\t\t\t\t\t<div class=\"e-gallery-item elementor-gallery-item elementor-animated-content\">\n\t\t\t\t\t<div class=\"e-gallery-image elementor-gallery-item__image\" data-thumbnail=\"https:\/\/thetailorsphotography.com\/wp-content\/uploads\/2024\/04\/Emily-in-New-York-6-683x1024-1.jpg\" data-width=\"683\" data-height=\"1024\" aria-label=\"Eine Frau in einem glitzernden Kleid sitzt auf einer Bank, l\u00e4chelt und h\u00e4lt eine Kaffeetasse in der Hand - ihre Handtasche und Sonnenbrille liegen neben ihr. Dieser Moment des Luxus ist in perfekter Fotografie eingefangen und spiegelt die m\u00fchelose Eleganz eines allt\u00e4glichen Ortes wider.\" role=\"img\" ><\/div>\n\t\t\t\t\t\t\t\t\t\t\t\t\t\t<\/div>\n\t\t\t\t\t\t\t<div class=\"e-gallery-item elementor-gallery-item elementor-animated-content\">\n\t\t\t\t\t<div class=\"e-gallery-image elementor-gallery-item__image\" data-thumbnail=\"https:\/\/thetailorsphotography.com\/wp-content\/uploads\/2024\/10\/Enchanting-Seattle-Wedding-Weekend-28-683x1024-1.jpg\" data-width=\"683\" data-height=\"1024\" aria-label=\"Eine Braut in einem wei\u00dfen Satinkleid und Schleier steht vor einer Statue vor einem gl\u00e4sernen Wintergarten und f\u00e4ngt die Essenz einer Luxushochzeit im Ausland ein.\" role=\"img\" ><\/div>\n\t\t\t\t\t\t\t\t\t\t\t\t\t\t<\/div>\n\t\t\t\t\t\t\t<div class=\"e-gallery-item elementor-gallery-item elementor-animated-content\">\n\t\t\t\t\t<div class=\"e-gallery-image elementor-gallery-item__image\" data-thumbnail=\"https:\/\/thetailorsphotography.com\/wp-content\/uploads\/2024\/10\/Enchanting-Seattle-Wedding-Weekend-24-683x1024-1.jpg\" data-width=\"683\" data-height=\"1024\" aria-label=\"Die Braut im wei\u00dfen Kleid mit einem Strau\u00df roter Blumen in der Hand, l\u00e4chelnd und nach unten blickend, mit Schleier und Perlenkette - das ist die Essenz von Luxus Fotografie an einem atemberaubenden Ort.\" role=\"img\" ><\/div>\n\t\t\t\t\t\t\t\t\t\t\t\t\t\t<\/div>\n\t\t\t\t\t\t\t<div class=\"e-gallery-item elementor-gallery-item elementor-animated-content\">\n\t\t\t\t\t<div class=\"e-gallery-image elementor-gallery-item__image\" data-thumbnail=\"https:\/\/thetailorsphotography.com\/wp-content\/uploads\/2024\/10\/Enchanting-Seattle-Wedding-Weekend-42-1024x683-1.jpg\" data-width=\"1024\" data-height=\"683\" aria-label=\"Blick von oben auf hohe Wolkenkratzer vor einem klaren Himmel, die Geb\u00e4ude in verschiedenen Designs und Materialien einfangen - die perfekte Kulisse f\u00fcr einen Film oder eine Hochzeit im Ausland.\" role=\"img\" ><\/div>\n\t\t\t\t\t\t\t\t\t\t\t\t\t\t<\/div>\n\t\t\t\t\t\t\t<div class=\"e-gallery-item elementor-gallery-item elementor-animated-content\">\n\t\t\t\t\t<div class=\"e-gallery-image elementor-gallery-item__image\" data-thumbnail=\"https:\/\/thetailorsphotography.com\/wp-content\/uploads\/2024\/10\/Enchanting-Seattle-Wedding-Weekend-7-683x1024-1.jpg\" data-width=\"683\" data-height=\"1024\" aria-label=\"Ein Mann in dunklem Anzug und wei\u00dfem Rollkragenpullover sitzt mit gekreuzten Beinen in einem gemusterten Sessel und verstr\u00f6mt Luxus in einem holzget\u00e4felten Raum, der auf ein exklusives Reiseziel schlie\u00dfen l\u00e4sst.\" role=\"img\" ><\/div>\n\t\t\t\t\t\t\t\t\t\t\t\t\t\t<\/div>\n\t\t\t\t\t\t\t<div class=\"e-gallery-item elementor-gallery-item elementor-animated-content\">\n\t\t\t\t\t<div class=\"e-gallery-image elementor-gallery-item__image\" data-thumbnail=\"https:\/\/thetailorsphotography.com\/wp-content\/uploads\/2024\/04\/Emily-in-New-York-3-683x1024-1.jpg\" data-width=\"683\" data-height=\"1024\" aria-label=\"Frau mit lockigem rotem Haar in einem glitzernden Kleid h\u00e4lt eine Kaffeetasse in der Hand, sitzt an einem Tisch im Freien und blickt nach vorne, um das Wesen der Destinationsfotografie einzufangen.\" role=\"img\" ><\/div>\n\t\t\t\t\t\t\t\t\t\t\t\t\t\t<\/div>\n\t\t\t\t\t\t\t<div class=\"e-gallery-item elementor-gallery-item elementor-animated-content\">\n\t\t\t\t\t<div class=\"e-gallery-image elementor-gallery-item__image\" data-thumbnail=\"https:\/\/thetailorsphotography.com\/wp-content\/uploads\/2024\/10\/Enchanting-Seattle-Wedding-Weekend-26-683x1024-1.jpg\" data-width=\"683\" data-height=\"1024\" aria-label=\"Acht M\u00e4nner im Smoking schreiten an einem sonnigen Tag selbstbewusst vor einem gro\u00dfen gl\u00e4sernen Wintergarten und verk\u00f6rpern die Eleganz einer Luxus-Hochzeit im Ausland, als k\u00e4men sie aus einer Szene eines stilvollen Films.\" role=\"img\" ><\/div>\n\t\t\t\t\t\t\t\t\t\t\t\t\t\t<\/div>\n\t\t\t\t\t\t\t<div class=\"e-gallery-item elementor-gallery-item elementor-animated-content\">\n\t\t\t\t\t<div class=\"e-gallery-image elementor-gallery-item__image\" data-thumbnail=\"https:\/\/thetailorsphotography.com\/wp-content\/uploads\/2024\/10\/Enchanting-Seattle-Wedding-Weekend-30-683x1024-1.jpg\" data-width=\"683\" data-height=\"1024\" aria-label=\"Braut und Br\u00e4utigam auf parallelen Rolltreppen, die sich die H\u00e4nde reichen und einander anl\u00e4cheln - ein Moment puren Luxus, eingefangen in dieser stimmungsvollen Fotografie.\" role=\"img\" ><\/div>\n\t\t\t\t\t\t\t\t\t\t\t\t\t\t<\/div>\n\t\t\t\t\t\t\t<div class=\"e-gallery-item elementor-gallery-item elementor-animated-content\">\n\t\t\t\t\t<div class=\"e-gallery-image elementor-gallery-item__image\" data-thumbnail=\"https:\/\/thetailorsphotography.com\/wp-content\/uploads\/2024\/10\/Enchanting-Seattle-Wedding-Weekend-23-683x1024-1.jpg\" data-width=\"683\" data-height=\"1024\" aria-label=\"Braut und Br\u00e4utigam in f\u00f6rmlicher Kleidung l\u00e4cheln sich vor einem gl\u00e4sernen Gew\u00e4chshaus an und halten einen roten Blumenstrau\u00df - aufgenommen in eleganter Film Fotografie.\" role=\"img\" ><\/div>\n\t\t\t\t\t\t\t\t\t\t\t\t\t\t<\/div>\n\t\t\t\t\t\t\t<div class=\"e-gallery-item elementor-gallery-item elementor-animated-content\">\n\t\t\t\t\t<div class=\"e-gallery-image elementor-gallery-item__image\" data-thumbnail=\"https:\/\/thetailorsphotography.com\/wp-content\/uploads\/2024\/04\/Emily-in-New-York-15-683x1024-1.jpg\" data-width=\"683\" data-height=\"1024\" aria-label=\"Eine Frau in einem glitzernden Kleid steht an einem schwarzen Gel\u00e4nder vor einem gro\u00dfen Fenster eines wei\u00dfen Geb\u00e4udes und f\u00e4ngt die Essenz von Luxus in dieser exquisiten Fotografie ein.\" role=\"img\" ><\/div>\n\t\t\t\t\t\t\t\t\t\t\t\t\t\t<\/div>\n\t\t\t\t\t\t\t<div class=\"e-gallery-item elementor-gallery-item elementor-animated-content\">\n\t\t\t\t\t<div class=\"e-gallery-image elementor-gallery-item__image\" data-thumbnail=\"https:\/\/thetailorsphotography.com\/wp-content\/uploads\/2024\/10\/Enchanting-Seattle-Wedding-Weekend-33-683x1024-1.jpg\" data-width=\"683\" data-height=\"1024\" aria-label=\"Eine Braut und ein Br\u00e4utigam halten sich an den H\u00e4nden und l\u00e4cheln auf einem Kirchenaltar, umgeben von roten und rosafarbenen Blumenarrangements - eine perfekte Szene aus einem Film \u00fcber eine Hochzeit am Urlaubsort.\" role=\"img\" ><\/div>\n\t\t\t\t\t\t\t\t\t\t\t\t\t\t<\/div>\n\t\t\t\t\t\t\t<div class=\"e-gallery-item elementor-gallery-item elementor-animated-content\">\n\t\t\t\t\t<div class=\"e-gallery-image elementor-gallery-item__image\" data-thumbnail=\"https:\/\/thetailorsphotography.com\/wp-content\/uploads\/2024\/04\/Emily-in-New-York-12-683x1024-1.jpg\" data-width=\"683\" data-height=\"1024\" aria-label=\"Eine Frau in einem glitzernden goldenen Kleid posiert vor den verschn\u00f6rkelten schwarzen T\u00fcren eines wei\u00dfen Geb\u00e4udes mit der Nummer 18 dar\u00fcber und strahlt puren Luxus aus.\" role=\"img\" ><\/div>\n\t\t\t\t\t\t\t\t\t\t\t\t\t\t<\/div>\n\t\t\t\t\t\t\t<div class=\"e-gallery-item elementor-gallery-item elementor-animated-content\">\n\t\t\t\t\t<div class=\"e-gallery-image elementor-gallery-item__image\" data-thumbnail=\"https:\/\/thetailorsphotography.com\/wp-content\/uploads\/2024\/10\/Enchanting-Seattle-Wedding-Weekend-44-683x1024-1.jpg\" data-width=\"683\" data-height=\"1024\" aria-label=\"Braut und Br\u00e4utigam k\u00fcssen sich, w\u00e4hrend sie in einem mit gerahmten Landschaftsgem\u00e4lden dekorierten Raum zusammensitzen, der die Eleganz einer Luxus-Hochzeit im Ausland einf\u00e4ngt.\" role=\"img\" ><\/div>\n\t\t\t\t\t\t\t\t\t\t\t\t\t\t<\/div>\n\t\t\t\t\t<\/div>\n\t\t\t\t\t<\/div>\n\t\t\t\t<\/div>\n\t\t\t\t<\/div>\n\t\t\t\t\t<\/div>\n\t\t\t\t<\/div>\n\t\t\t\t<\/div>","protected":false},"excerpt":{"rendered":"<p>USA Gallery<\/p>","protected":false},"author":4,"featured_media":0,"parent":0,"menu_order":0,"comment_status":"closed","ping_status":"closed","template":"elementor_header_footer","meta":{"footnotes":""},"folder":[],"class_list":["post-7238","page","type-page","status-publish","hentry"],"_links":{"self":[{"href":"https:\/\/thetailorsphotography.com\/en\/wp-json\/wp\/v2\/pages\/7238","targetHints":{"allow":["GET"]}}],"collection":[{"href":"https:\/\/thetailorsphotography.com\/en\/wp-json\/wp\/v2\/pages"}],"about":[{"href":"https:\/\/thetailorsphotography.com\/en\/wp-json\/wp\/v2\/types\/page"}],"author":[{"embeddable":true,"href":"https:\/\/thetailorsphotography.com\/en\/wp-json\/wp\/v2\/users\/4"}],"replies":[{"embeddable":true,"href":"https:\/\/thetailorsphotography.com\/en\/wp-json\/wp\/v2\/comments?post=7238"}],"version-history":[{"count":10,"href":"https:\/\/thetailorsphotography.com\/en\/wp-json\/wp\/v2\/pages\/7238\/revisions"}],"predecessor-version":[{"id":8887,"href":"https:\/\/thetailorsphotography.com\/en\/wp-json\/wp\/v2\/pages\/7238\/revisions\/8887"}],"wp:attachment":[{"href":"https:\/\/thetailorsphotography.com\/en\/wp-json\/wp\/v2\/media?parent=7238"}],"wp:term":[{"taxonomy":"folder","embeddable":true,"href":"https:\/\/thetailorsphotography.com\/en\/wp-json\/wp\/v2\/folder?post=7238"}],"curies":[{"name":"wp","href":"https:\/\/api.w.org\/{rel}","templated":true}]}}