{"id":7236,"date":"2025-12-18T22:31:28","date_gmt":"2025-12-18T21:31:28","guid":{"rendered":"http:\/\/thetailorsphotography.com\/?page_id=7236"},"modified":"2026-02-16T14:01:49","modified_gmt":"2026-02-16T13:01:49","slug":"switzerland","status":"publish","type":"page","link":"https:\/\/thetailorsphotography.com\/en\/switzerland\/","title":{"rendered":"Switzerland"},"content":{"rendered":"<div data-elementor-type=\"wp-page\" data-elementor-id=\"7236\" class=\"elementor elementor-7236\" data-elementor-post-type=\"page\">\n\t\t\t\t<div class=\"elementor-element elementor-element-ce132c7 e-flex e-con-boxed e-con e-parent\" data-id=\"ce132c7\" data-element_type=\"container\" data-e-type=\"container\" data-settings=\"{&quot;background_background&quot;:&quot;classic&quot;}\">\n\t\t\t\t\t<div class=\"e-con-inner\">\n\t\t<div class=\"elementor-element elementor-element-04f4326 e-con-full e-flex e-con e-child\" data-id=\"04f4326\" data-element_type=\"container\" data-e-type=\"container\">\n\t\t\t\t<div class=\"elementor-element elementor-element-9715cb3 elementor-widget elementor-widget-image\" data-id=\"9715cb3\" data-element_type=\"widget\" data-e-type=\"widget\" data-widget_type=\"image.default\">\n\t\t\t\t<div class=\"elementor-widget-container\">\n\t\t\t\t\t\t\t\t\t\t\t\t\t\t\t<img fetchpriority=\"high\" decoding=\"async\" width=\"648\" height=\"1024\" src=\"https:\/\/thetailorsphotography.com\/wp-content\/uploads\/2025\/12\/Tailors-Favicon-White-648x1024.png\" class=\"attachment-large size-large wp-image-6241\" alt=\"Stylized, overlapping white letters U and P on a black background, perfect for photography or film branding, e.g. for a wedding abroad.\" srcset=\"https:\/\/thetailorsphotography.com\/wp-content\/uploads\/2025\/12\/Tailors-Favicon-White-648x1024.png 648w, https:\/\/thetailorsphotography.com\/wp-content\/uploads\/2025\/12\/Tailors-Favicon-White-190x300.png 190w, https:\/\/thetailorsphotography.com\/wp-content\/uploads\/2025\/12\/Tailors-Favicon-White-768x1213.png 768w, https:\/\/thetailorsphotography.com\/wp-content\/uploads\/2025\/12\/Tailors-Favicon-White-972x1536.png 972w, https:\/\/thetailorsphotography.com\/wp-content\/uploads\/2025\/12\/Tailors-Favicon-White-1296x2048.png 1296w, https:\/\/thetailorsphotography.com\/wp-content\/uploads\/2025\/12\/Tailors-Favicon-White-scaled.png 1620w\" sizes=\"(max-width: 648px) 100vw, 648px\" title=\"\">\t\t\t\t\t\t\t\t\t\t\t\t\t\t\t<\/div>\n\t\t\t\t<\/div>\n\t\t\t\t<div class=\"elementor-element elementor-element-e6f7a32 elementor-widget elementor-widget-heading\" data-id=\"e6f7a32\" data-element_type=\"widget\" data-e-type=\"widget\" data-widget_type=\"heading.default\">\n\t\t\t\t<div class=\"elementor-widget-container\">\n\t\t\t\t\t<h2 class=\"elementor-heading-title elementor-size-default\">Swiss Gallery<\/h2>\t\t\t\t<\/div>\n\t\t\t\t<\/div>\n\t\t\t\t<\/div>\n\t\t\t\t\t<\/div>\n\t\t\t\t<\/div>\n\t\t<div class=\"elementor-element elementor-element-4d8179e e-flex e-con-boxed e-con e-parent\" data-id=\"4d8179e\" data-element_type=\"container\" data-e-type=\"container\" data-settings=\"{&quot;background_background&quot;:&quot;classic&quot;}\">\n\t\t\t\t\t<div class=\"e-con-inner\">\n\t\t<div class=\"elementor-element elementor-element-271f0bf e-con-full e-flex e-con e-child\" data-id=\"271f0bf\" data-element_type=\"container\" data-e-type=\"container\">\n\t\t\t\t<div class=\"elementor-element elementor-element-ca47c7d elementor-widget elementor-widget-gallery\" data-id=\"ca47c7d\" data-element_type=\"widget\" data-e-type=\"widget\" data-settings=\"{&quot;gallery_layout&quot;:&quot;justified&quot;,&quot;ideal_row_height&quot;:{&quot;unit&quot;:&quot;px&quot;,&quot;size&quot;:200,&quot;sizes&quot;:[]},&quot;ideal_row_height_tablet&quot;:{&quot;unit&quot;:&quot;px&quot;,&quot;size&quot;:150,&quot;sizes&quot;:[]},&quot;ideal_row_height_mobile&quot;:{&quot;unit&quot;:&quot;px&quot;,&quot;size&quot;:150,&quot;sizes&quot;:[]},&quot;gap&quot;:{&quot;unit&quot;:&quot;px&quot;,&quot;size&quot;:10,&quot;sizes&quot;:[]},&quot;gap_tablet&quot;:{&quot;unit&quot;:&quot;px&quot;,&quot;size&quot;:10,&quot;sizes&quot;:[]},&quot;gap_mobile&quot;:{&quot;unit&quot;:&quot;px&quot;,&quot;size&quot;:10,&quot;sizes&quot;:[]},&quot;content_hover_animation&quot;:&quot;fade-in&quot;}\" data-widget_type=\"gallery.default\">\n\t\t\t\t<div class=\"elementor-widget-container\">\n\t\t\t\t\t\t\t<div class=\"elementor-gallery__container\">\n\t\t\t\t\t\t\t<div class=\"e-gallery-item elementor-gallery-item elementor-animated-content\">\n\t\t\t\t\t<div class=\"e-gallery-image elementor-gallery-item__image\" data-thumbnail=\"https:\/\/thetailorsphotography.com\/wp-content\/uploads\/2022\/06\/Swiss_Alps_Winter_Wedding-29-683x1024-1.jpg\" data-width=\"683\" data-height=\"1024\" aria-label=\"Ein Paar in Winterm\u00e4nteln umarmt sich auf einem verschneiten Berg, w\u00e4hrend der Sonnenuntergang einen goldenen Schein \u00fcber die fernen Gipfel wirft - ein perfektes Ziel f\u00fcr atemberaubende, vom Film inspirierte Fotografien.\" role=\"img\" ><\/div>\n\t\t\t\t\t\t\t\t\t\t\t\t\t\t<\/div>\n\t\t\t\t\t\t\t<div class=\"e-gallery-item elementor-gallery-item elementor-animated-content\">\n\t\t\t\t\t<div class=\"e-gallery-image elementor-gallery-item__image\" data-thumbnail=\"https:\/\/thetailorsphotography.com\/wp-content\/uploads\/2022\/06\/Swiss_Alps_Winter_Wedding-21-683x1024-1.jpg\" data-width=\"683\" data-height=\"1024\" aria-label=\"Ein l\u00e4chelndes Paar verl\u00e4sst einen Skilift in den verschneiten Bergen; die Frau h\u00e4lt eine Tasche mit der Aufschrift LIEBE IST DIE ANTWORT in der Hand und f\u00e4ngt einen perfekten Moment der Fotografie f\u00fcr ihre Hochzeit im Ausland ein.\" role=\"img\" ><\/div>\n\t\t\t\t\t\t\t\t\t\t\t\t\t\t<\/div>\n\t\t\t\t\t\t\t<div class=\"e-gallery-item elementor-gallery-item elementor-animated-content\">\n\t\t\t\t\t<div class=\"e-gallery-image elementor-gallery-item__image\" data-thumbnail=\"https:\/\/thetailorsphotography.com\/wp-content\/uploads\/2022\/06\/Swiss_Alps_Winter_Wedding-20-683x1024-1.jpg\" data-width=\"683\" data-height=\"1024\" aria-label=\"Verschneite Holzh\u00fctten mit einem Wagenrad vor dem Hintergrund verschneiter Berge und eines strahlenden Himmels - ein zauberhaftes Ziel, das an eine filmreife Hochzeit im Ausland erinnert.\" role=\"img\" ><\/div>\n\t\t\t\t\t\t\t\t\t\t\t\t\t\t<\/div>\n\t\t\t\t\t\t\t<div class=\"e-gallery-item elementor-gallery-item elementor-animated-content\">\n\t\t\t\t\t<div class=\"e-gallery-image elementor-gallery-item__image\" data-thumbnail=\"https:\/\/thetailorsphotography.com\/wp-content\/uploads\/2022\/06\/Swiss_Alps_Winter_Wedding-19-683x1024-1.jpg\" data-width=\"683\" data-height=\"1024\" aria-label=\"Ein verschneites Blockhaus mit Holzschnitzereien, gestapeltem Brennholz und einem Schild mit der Aufschrift &quot;Sertigertr\u00e4umli&quot; \u00fcber der T\u00fcr - perfekt f\u00fcr eine Luxusflucht oder als malerische Kulisse f\u00fcr Film und Fotografie.\" role=\"img\" ><\/div>\n\t\t\t\t\t\t\t\t\t\t\t\t\t\t<\/div>\n\t\t\t\t\t\t\t<div class=\"e-gallery-item elementor-gallery-item elementor-animated-content\">\n\t\t\t\t\t<div class=\"e-gallery-image elementor-gallery-item__image\" data-thumbnail=\"https:\/\/thetailorsphotography.com\/wp-content\/uploads\/2022\/06\/Swiss_Alps_Winter_Wedding-37-1024x683-1.jpg\" data-width=\"1024\" data-height=\"683\" aria-label=\"Eine Skiliftstation leuchtet nachts inmitten verschneiter Berge und verwandelt dieses Reiseziel in eine filmreife Szene unter dem Sternenhimmel.\" role=\"img\" ><\/div>\n\t\t\t\t\t\t\t\t\t\t\t\t\t\t<\/div>\n\t\t\t\t\t\t\t<div class=\"e-gallery-item elementor-gallery-item elementor-animated-content\">\n\t\t\t\t\t<div class=\"e-gallery-image elementor-gallery-item__image\" data-thumbnail=\"https:\/\/thetailorsphotography.com\/wp-content\/uploads\/2022\/06\/Swiss_Alps_Winter_Wedding-13-683x1024-1.jpg\" data-width=\"683\" data-height=\"1024\" aria-label=\"Zwei Frauen in formellen Kleidern stehen im Schnee an einem Holzzaun, beide tragen Sonnenbrillen, eine h\u00e4lt einen Blumenstrau\u00df - eine stilvolle Szene, perfekt f\u00fcr eine unvergessliche Hochzeit im Ausland.\" role=\"img\" ><\/div>\n\t\t\t\t\t\t\t\t\t\t\t\t\t\t<\/div>\n\t\t\t\t\t\t\t<div class=\"e-gallery-item elementor-gallery-item elementor-animated-content\">\n\t\t\t\t\t<div class=\"e-gallery-image elementor-gallery-item__image\" data-thumbnail=\"https:\/\/thetailorsphotography.com\/wp-content\/uploads\/2022\/06\/Swiss_Alps_Winter_Wedding-14-683x1024-1.jpg\" data-width=\"683\" data-height=\"1024\" aria-label=\"Fotografie einer luxuri\u00f6sen, winterlichen Hochzeit im Ausland: Holzb\u00e4nke auf Schnee vor majest\u00e4tischem Bergpanorama unter strahlendem Himmel - ein exklusives Outdoor-Setup.\" role=\"img\" ><\/div>\n\t\t\t\t\t\t\t\t\t\t\t\t\t\t<\/div>\n\t\t\t\t\t\t\t<div class=\"e-gallery-item elementor-gallery-item elementor-animated-content\">\n\t\t\t\t\t<div class=\"e-gallery-image elementor-gallery-item__image\" data-thumbnail=\"https:\/\/thetailorsphotography.com\/wp-content\/uploads\/2026\/02\/The-Tailors-Photography_Swiss-1-1-1025x1536.jpg\" data-width=\"1025\" data-height=\"1536\" aria-label=\"Ein eleganter wei\u00dfer Esstisch mit durchsichtigen St\u00fchlen, gr\u00fcne und wei\u00dfe Blumenarrangements und hohe Kerzen in einem hellen Raum - perfekt f\u00fcr eine Luxus-Hochzeit im Ausland, die direkt aus einem Film stammt.\" role=\"img\" ><\/div>\n\t\t\t\t\t\t\t\t\t\t\t\t\t\t<\/div>\n\t\t\t\t\t<\/div>\n\t\t\t\t\t<\/div>\n\t\t\t\t<\/div>\n\t\t\t\t<\/div>\n\t\t\t\t\t<\/div>\n\t\t\t\t<\/div>\n\t\t\t\t<\/div>","protected":false},"excerpt":{"rendered":"<p>Swiss Gallery<\/p>","protected":false},"author":4,"featured_media":0,"parent":0,"menu_order":0,"comment_status":"closed","ping_status":"closed","template":"elementor_header_footer","meta":{"footnotes":""},"folder":[],"class_list":["post-7236","page","type-page","status-publish","hentry"],"_links":{"self":[{"href":"https:\/\/thetailorsphotography.com\/en\/wp-json\/wp\/v2\/pages\/7236","targetHints":{"allow":["GET"]}}],"collection":[{"href":"https:\/\/thetailorsphotography.com\/en\/wp-json\/wp\/v2\/pages"}],"about":[{"href":"https:\/\/thetailorsphotography.com\/en\/wp-json\/wp\/v2\/types\/page"}],"author":[{"embeddable":true,"href":"https:\/\/thetailorsphotography.com\/en\/wp-json\/wp\/v2\/users\/4"}],"replies":[{"embeddable":true,"href":"https:\/\/thetailorsphotography.com\/en\/wp-json\/wp\/v2\/comments?post=7236"}],"version-history":[{"count":7,"href":"https:\/\/thetailorsphotography.com\/en\/wp-json\/wp\/v2\/pages\/7236\/revisions"}],"predecessor-version":[{"id":8690,"href":"https:\/\/thetailorsphotography.com\/en\/wp-json\/wp\/v2\/pages\/7236\/revisions\/8690"}],"wp:attachment":[{"href":"https:\/\/thetailorsphotography.com\/en\/wp-json\/wp\/v2\/media?parent=7236"}],"wp:term":[{"taxonomy":"folder","embeddable":true,"href":"https:\/\/thetailorsphotography.com\/en\/wp-json\/wp\/v2\/folder?post=7236"}],"curies":[{"name":"wp","href":"https:\/\/api.w.org\/{rel}","templated":true}]}}