{"id":7234,"date":"2025-12-18T22:31:20","date_gmt":"2025-12-18T21:31:20","guid":{"rendered":"http:\/\/thetailorsphotography.com\/?page_id=7234"},"modified":"2026-02-16T13:52:58","modified_gmt":"2026-02-16T12:52:58","slug":"france","status":"publish","type":"page","link":"https:\/\/thetailorsphotography.com\/en\/france\/","title":{"rendered":"France"},"content":{"rendered":"<div data-elementor-type=\"wp-page\" data-elementor-id=\"7234\" class=\"elementor elementor-7234\" data-elementor-post-type=\"page\">\n\t\t\t\t<div class=\"elementor-element elementor-element-74bad87 e-flex e-con-boxed e-con e-parent\" data-id=\"74bad87\" data-element_type=\"container\" data-e-type=\"container\" data-settings=\"{&quot;background_background&quot;:&quot;classic&quot;}\">\n\t\t\t\t\t<div class=\"e-con-inner\">\n\t\t<div class=\"elementor-element elementor-element-5ef19ec e-con-full e-flex e-con e-child\" data-id=\"5ef19ec\" data-element_type=\"container\" data-e-type=\"container\">\n\t\t\t\t<div class=\"elementor-element elementor-element-74c8411 elementor-widget elementor-widget-image\" data-id=\"74c8411\" data-element_type=\"widget\" data-e-type=\"widget\" data-widget_type=\"image.default\">\n\t\t\t\t<div class=\"elementor-widget-container\">\n\t\t\t\t\t\t\t\t\t\t\t\t\t\t\t<img fetchpriority=\"high\" decoding=\"async\" width=\"648\" height=\"1024\" src=\"https:\/\/thetailorsphotography.com\/wp-content\/uploads\/2025\/12\/Tailors-Favicon-White-648x1024.png\" class=\"attachment-large size-large wp-image-6241\" alt=\"Stylized, overlapping white letters U and P on a black background, perfect for photography or film branding, e.g. for a wedding abroad.\" srcset=\"https:\/\/thetailorsphotography.com\/wp-content\/uploads\/2025\/12\/Tailors-Favicon-White-648x1024.png 648w, https:\/\/thetailorsphotography.com\/wp-content\/uploads\/2025\/12\/Tailors-Favicon-White-190x300.png 190w, https:\/\/thetailorsphotography.com\/wp-content\/uploads\/2025\/12\/Tailors-Favicon-White-768x1213.png 768w, https:\/\/thetailorsphotography.com\/wp-content\/uploads\/2025\/12\/Tailors-Favicon-White-972x1536.png 972w, https:\/\/thetailorsphotography.com\/wp-content\/uploads\/2025\/12\/Tailors-Favicon-White-1296x2048.png 1296w, https:\/\/thetailorsphotography.com\/wp-content\/uploads\/2025\/12\/Tailors-Favicon-White-scaled.png 1620w\" sizes=\"(max-width: 648px) 100vw, 648px\" title=\"\">\t\t\t\t\t\t\t\t\t\t\t\t\t\t\t<\/div>\n\t\t\t\t<\/div>\n\t\t\t\t<div class=\"elementor-element elementor-element-0cd4cce elementor-widget elementor-widget-heading\" data-id=\"0cd4cce\" data-element_type=\"widget\" data-e-type=\"widget\" data-widget_type=\"heading.default\">\n\t\t\t\t<div class=\"elementor-widget-container\">\n\t\t\t\t\t<h2 class=\"elementor-heading-title elementor-size-default\">France Gallery<\/h2>\t\t\t\t<\/div>\n\t\t\t\t<\/div>\n\t\t\t\t<\/div>\n\t\t\t\t\t<\/div>\n\t\t\t\t<\/div>\n\t\t<div class=\"elementor-element elementor-element-d52aea0 e-flex e-con-boxed e-con e-parent\" data-id=\"d52aea0\" data-element_type=\"container\" data-e-type=\"container\" data-settings=\"{&quot;background_background&quot;:&quot;classic&quot;}\">\n\t\t\t\t\t<div class=\"e-con-inner\">\n\t\t<div class=\"elementor-element elementor-element-aca4877 e-con-full e-flex e-con e-child\" data-id=\"aca4877\" data-element_type=\"container\" data-e-type=\"container\">\n\t\t\t\t<div class=\"elementor-element elementor-element-47a9fee elementor-widget elementor-widget-gallery\" data-id=\"47a9fee\" data-element_type=\"widget\" data-e-type=\"widget\" data-settings=\"{&quot;gallery_layout&quot;:&quot;justified&quot;,&quot;ideal_row_height&quot;:{&quot;unit&quot;:&quot;px&quot;,&quot;size&quot;:200,&quot;sizes&quot;:[]},&quot;ideal_row_height_tablet&quot;:{&quot;unit&quot;:&quot;px&quot;,&quot;size&quot;:150,&quot;sizes&quot;:[]},&quot;ideal_row_height_mobile&quot;:{&quot;unit&quot;:&quot;px&quot;,&quot;size&quot;:150,&quot;sizes&quot;:[]},&quot;gap&quot;:{&quot;unit&quot;:&quot;px&quot;,&quot;size&quot;:10,&quot;sizes&quot;:[]},&quot;gap_tablet&quot;:{&quot;unit&quot;:&quot;px&quot;,&quot;size&quot;:10,&quot;sizes&quot;:[]},&quot;gap_mobile&quot;:{&quot;unit&quot;:&quot;px&quot;,&quot;size&quot;:10,&quot;sizes&quot;:[]},&quot;content_hover_animation&quot;:&quot;fade-in&quot;}\" data-widget_type=\"gallery.default\">\n\t\t\t\t<div class=\"elementor-widget-container\">\n\t\t\t\t\t\t\t<div class=\"elementor-gallery__container\">\n\t\t\t\t\t\t\t<div class=\"e-gallery-item elementor-gallery-item elementor-animated-content\">\n\t\t\t\t\t<div class=\"e-gallery-image elementor-gallery-item__image\" data-thumbnail=\"https:\/\/thetailorsphotography.com\/wp-content\/uploads\/2022\/10\/paris-france-destination-wedding-photographer-video-photography-eiffel-tower_0478.jpg\" data-width=\"1000\" data-height=\"1499\" aria-label=\"Die Braut und der Br\u00e4utigam posieren bei Nacht und genie\u00dfen die Magie des Reiseziels Luxus Fotografie, w\u00e4hrend im Hintergrund der beleuchtete Eiffelturm leuchtet.\" role=\"img\" ><\/div>\n\t\t\t\t\t\t\t\t\t\t\t\t\t\t<\/div>\n\t\t\t\t\t\t\t<div class=\"e-gallery-item elementor-gallery-item elementor-animated-content\">\n\t\t\t\t\t<div class=\"e-gallery-image elementor-gallery-item__image\" data-thumbnail=\"https:\/\/thetailorsphotography.com\/wp-content\/uploads\/2023\/05\/Shangri-La_Paris_Wedding-18-683x1024-1.jpg\" data-width=\"683\" data-height=\"1024\" aria-label=\"Schwarz-Wei\u00df-Portr\u00e4t einer Frau mit blondem Haar in einem tiefen Dutt, die einen Blumenohrring und ein Perlenkleid tr\u00e4gt - und damit die Essenz von Luxus Fotografie einf\u00e4ngt.\" role=\"img\" ><\/div>\n\t\t\t\t\t\t\t\t\t\t\t\t\t\t<\/div>\n\t\t\t\t\t\t\t<div class=\"e-gallery-item elementor-gallery-item elementor-animated-content\">\n\t\t\t\t\t<div class=\"e-gallery-image elementor-gallery-item__image\" data-thumbnail=\"https:\/\/thetailorsphotography.com\/wp-content\/uploads\/2022\/10\/paris-france-destination-wedding-photographer-video-photography-eiffel-tower_0481.jpg\" data-width=\"1000\" data-height=\"1499\" aria-label=\"Eine dichte Ansammlung von hohen, stacheligen, graugr\u00fcnen Pflanzen mit spitzen Bl\u00e4ttern, die nach oben wachsen - eine ideale nat\u00fcrliche Kulisse f\u00fcr Luxus Hochzeit im Ausland Fotografie.\" role=\"img\" ><\/div>\n\t\t\t\t\t\t\t\t\t\t\t\t\t\t<\/div>\n\t\t\t\t\t\t\t<div class=\"e-gallery-item elementor-gallery-item elementor-animated-content\">\n\t\t\t\t\t<div class=\"e-gallery-image elementor-gallery-item__image\" data-thumbnail=\"https:\/\/thetailorsphotography.com\/wp-content\/uploads\/2023\/05\/Shangri-La_Paris_Wedding-14-683x1024-1.jpg\" data-width=\"683\" data-height=\"1024\" aria-label=\"Verziertes Geb\u00e4ude im Pariser Stil mit schmiedeeisernen Balkonen, ideal f\u00fcr eine Hochzeit im Ausland - mit einem Hauch von Luxus und Charme eines Reiseziels, hinter einem Zaun und gr\u00fcnem Laub.\" role=\"img\" ><\/div>\n\t\t\t\t\t\t\t\t\t\t\t\t\t\t<\/div>\n\t\t\t\t\t\t\t<div class=\"e-gallery-item elementor-gallery-item elementor-animated-content\">\n\t\t\t\t\t<div class=\"e-gallery-image elementor-gallery-item__image\" data-thumbnail=\"https:\/\/thetailorsphotography.com\/wp-content\/uploads\/2023\/05\/Shangri-La_Paris_Wedding-5-683x1024-1.jpg\" data-width=\"683\" data-height=\"1024\" aria-label=\"Verziertes Treppenhaus mit goldenem Gel\u00e4nder, Marmors\u00e4ulen, Kronleuchter und ein Landschaftsgem\u00e4lde - eine unvergessliche Kulisse, die einem Film oder einer Hochzeit im Ausland w\u00fcrdig ist.\" role=\"img\" ><\/div>\n\t\t\t\t\t\t\t\t\t\t\t\t\t\t<\/div>\n\t\t\t\t\t\t\t<div class=\"e-gallery-item elementor-gallery-item elementor-animated-content\">\n\t\t\t\t\t<div class=\"e-gallery-image elementor-gallery-item__image\" data-thumbnail=\"https:\/\/thetailorsphotography.com\/wp-content\/uploads\/2023\/05\/Shangri-La_Paris_Wedding-12-683x1024-1.jpg\" data-width=\"683\" data-height=\"1024\" aria-label=\"Elegante Hotellobby mit Kronleuchter, Marmorfu\u00dfboden, verzierten Vasen und Blumen auf einem zentralen Tisch - ein einladendes Ziel, perfekt fotografisch festgehalten.\" role=\"img\" ><\/div>\n\t\t\t\t\t\t\t\t\t\t\t\t\t\t<\/div>\n\t\t\t\t\t\t\t<div class=\"e-gallery-item elementor-gallery-item elementor-animated-content\">\n\t\t\t\t\t<div class=\"e-gallery-image elementor-gallery-item__image\" data-thumbnail=\"https:\/\/thetailorsphotography.com\/wp-content\/uploads\/2023\/05\/Shangri-La_Paris_Wedding-20-683x1024-1.jpg\" data-width=\"683\" data-height=\"1024\" aria-label=\"Eine Braut in einem wei\u00dfen Kleid steht unter kunstvollen B\u00f6gen in einem eleganten, historischen Flur und f\u00e4ngt den Luxus einer Hochzeit im Ausland in beeindruckender Fotografie ein.\" role=\"img\" ><\/div>\n\t\t\t\t\t\t\t\t\t\t\t\t\t\t<\/div>\n\t\t\t\t\t\t\t<div class=\"e-gallery-item elementor-gallery-item elementor-animated-content\">\n\t\t\t\t\t<div class=\"e-gallery-image elementor-gallery-item__image\" data-thumbnail=\"https:\/\/thetailorsphotography.com\/wp-content\/uploads\/2023\/05\/Shangri-La_Paris_Wedding-7-683x1024-1.jpg\" data-width=\"683\" data-height=\"1024\" aria-label=\"Elegantes Wohnzimmer mit pr\u00e4chtigem Kronleuchter, verzierter Decke, gro\u00dfem Spiegel und klassischem Dekor mit Vasen und Skulpturen - ein ideales Ziel f\u00fcr eine Hochzeit im Ausland mit einem Hauch von Luxus.\" role=\"img\" ><\/div>\n\t\t\t\t\t\t\t\t\t\t\t\t\t\t<\/div>\n\t\t\t\t\t\t\t<div class=\"e-gallery-item elementor-gallery-item elementor-animated-content\">\n\t\t\t\t\t<div class=\"e-gallery-image elementor-gallery-item__image\" data-thumbnail=\"https:\/\/thetailorsphotography.com\/wp-content\/uploads\/2023\/05\/Shangri-La_Paris_Wedding-15-683x1024-1.jpg\" data-width=\"683\" data-height=\"1024\" aria-label=\"Der Eiffelturm, umrahmt von klassischen Pariser Geb\u00e4uden und gr\u00fcnen B\u00e4umen an einem sonnigen Tag, macht Paris zu einem zeitlosen Reiseziel.\" role=\"img\" ><\/div>\n\t\t\t\t\t\t\t\t\t\t\t\t\t\t<\/div>\n\t\t\t\t\t\t\t<div class=\"e-gallery-item elementor-gallery-item elementor-animated-content\">\n\t\t\t\t\t<div class=\"e-gallery-image elementor-gallery-item__image\" data-thumbnail=\"https:\/\/thetailorsphotography.com\/wp-content\/uploads\/2023\/05\/Shangri-La_Paris_Wedding-13-683x1024-1.jpg\" data-width=\"683\" data-height=\"1024\" aria-label=\"Verschn\u00f6rkelte Steinfassade mit bogenf\u00f6rmigen Fenstern, schwarzem schmiedeeisernem Balkon und dekorativen Statuen dar\u00fcber - ein ideales Ziel f\u00fcr Architekturliebhaber und Fotofreunde.\" role=\"img\" ><\/div>\n\t\t\t\t\t\t\t\t\t\t\t\t\t\t<\/div>\n\t\t\t\t\t\t\t<div class=\"e-gallery-item elementor-gallery-item elementor-animated-content\">\n\t\t\t\t\t<div class=\"e-gallery-image elementor-gallery-item__image\" data-thumbnail=\"https:\/\/thetailorsphotography.com\/wp-content\/uploads\/2023\/05\/Shangri-La_Paris_Wedding-21-683x1024-1.jpg\" data-width=\"683\" data-height=\"1024\" aria-label=\"Eine Braut in einem flie\u00dfenden wei\u00dfen Kleid steht in einem eleganten, gew\u00f6lbten Gang und blickt \u00fcber ihre Schulter - und f\u00e4ngt damit die Essenz von Luxus und zeitloser Fotografie an diesem exquisiten Ort ein.\" role=\"img\" ><\/div>\n\t\t\t\t\t\t\t\t\t\t\t\t\t\t<\/div>\n\t\t\t\t\t\t\t<div class=\"e-gallery-item elementor-gallery-item elementor-animated-content\">\n\t\t\t\t\t<div class=\"e-gallery-image elementor-gallery-item__image\" data-thumbnail=\"https:\/\/thetailorsphotography.com\/wp-content\/uploads\/2023\/05\/Shangri-La_Paris_Wedding-1-683x1024-1.jpg\" data-width=\"683\" data-height=\"1024\" aria-label=\"Fotografie eines Balkons mit rot-wei\u00df gestreiften Markisen und Topfpflanzen an einem Pariser Wohnhaus, die den allt\u00e4glichen Luxus des Stadtlebens einf\u00e4ngt.\" role=\"img\" ><\/div>\n\t\t\t\t\t\t\t\t\t\t\t\t\t\t<\/div>\n\t\t\t\t\t\t\t<div class=\"e-gallery-item elementor-gallery-item elementor-animated-content\">\n\t\t\t\t\t<div class=\"e-gallery-image elementor-gallery-item__image\" data-thumbnail=\"https:\/\/thetailorsphotography.com\/wp-content\/uploads\/2022\/10\/paris-france-destination-wedding-photographer-video-photography-eiffel-tower_0466.jpg\" data-width=\"1000\" data-height=\"1499\" aria-label=\"Eine Braut und ein Br\u00e4utigam umarmen und k\u00fcssen sich vor einer gro\u00dfen, verzierten Doppelt\u00fcr vor einem Geb\u00e4ude und halten einen zeitlosen Fotomoment an ihrem Traumziel fest.\" role=\"img\" ><\/div>\n\t\t\t\t\t\t\t\t\t\t\t\t\t\t<\/div>\n\t\t\t\t\t\t\t<div class=\"e-gallery-item elementor-gallery-item elementor-animated-content\">\n\t\t\t\t\t<div class=\"e-gallery-image elementor-gallery-item__image\" data-thumbnail=\"https:\/\/thetailorsphotography.com\/wp-content\/uploads\/2023\/05\/Shangri-La_Paris_Wedding-24-683x1024-1.jpg\" data-width=\"683\" data-height=\"1024\" aria-label=\"Die Braut und der Br\u00e4utigam umarmen sich auf einer Pariser Terrasse, mit dem Eiffelturm im Hintergrund - eine Szene von purem Luxus, perfekt f\u00fcr eine Hochzeit im Ausland, mit ihrem flie\u00dfenden wei\u00dfen Kleid, das die romantische Brise der Stadt einf\u00e4ngt.\" role=\"img\" ><\/div>\n\t\t\t\t\t\t\t\t\t\t\t\t\t\t<\/div>\n\t\t\t\t\t\t\t<div class=\"e-gallery-item elementor-gallery-item elementor-animated-content\">\n\t\t\t\t\t<div class=\"e-gallery-image elementor-gallery-item__image\" data-thumbnail=\"https:\/\/thetailorsphotography.com\/wp-content\/uploads\/2023\/05\/Shangri-La_Paris_Wedding-8-683x1024-1.jpg\" data-width=\"683\" data-height=\"1024\" aria-label=\"Eleganter holzget\u00e4felter Raum mit Pl\u00fcschsesseln, einer Lampe und einem gro\u00dfen gerahmten Gem\u00e4lde an der Wand - der perfekte Rahmen f\u00fcr Luxus Film oder Fotografie.\" role=\"img\" ><\/div>\n\t\t\t\t\t\t\t\t\t\t\t\t\t\t<\/div>\n\t\t\t\t\t\t\t<div class=\"e-gallery-item elementor-gallery-item elementor-animated-content\">\n\t\t\t\t\t<div class=\"e-gallery-image elementor-gallery-item__image\" data-thumbnail=\"https:\/\/thetailorsphotography.com\/wp-content\/uploads\/2023\/05\/Shangri-La_Paris_Wedding-2-683x1024-1.jpg\" data-width=\"683\" data-height=\"1024\" aria-label=\"Eine sonnige Stra\u00dfe in Paris, ges\u00e4umt von beigen Wohnh\u00e4usern, Menschen, die auf dem B\u00fcrgersteig spazieren gehen - ein perfektes Ziel f\u00fcr die Fotografie oder sogar eine Hochzeit im Ausland.\" role=\"img\" ><\/div>\n\t\t\t\t\t\t\t\t\t\t\t\t\t\t<\/div>\n\t\t\t\t\t\t\t<div class=\"e-gallery-item elementor-gallery-item elementor-animated-content\">\n\t\t\t\t\t<div class=\"e-gallery-image elementor-gallery-item__image\" data-thumbnail=\"https:\/\/thetailorsphotography.com\/wp-content\/uploads\/2022\/10\/paris-france-destination-wedding-photographer-video-photography-eiffel-tower_0516.jpg\" data-width=\"1000\" data-height=\"1499\" aria-label=\"An klaren Tagen erhebt sich der Eiffelturm hinter gr\u00fcnen B\u00e4umen und klassischen Pariser Geb\u00e4uden und bietet eine luxuri\u00f6se Kulisse, die sich perfekt f\u00fcr eine Hochzeit im Ausland oder einen romantischen Film eignet.\" role=\"img\" ><\/div>\n\t\t\t\t\t\t\t\t\t\t\t\t\t\t<\/div>\n\t\t\t\t\t\t\t<div class=\"e-gallery-item elementor-gallery-item elementor-animated-content\">\n\t\t\t\t\t<div class=\"e-gallery-image elementor-gallery-item__image\" data-thumbnail=\"https:\/\/thetailorsphotography.com\/wp-content\/uploads\/2022\/10\/paris-france-destination-wedding-photographer-video-photography-eiffel-tower_0474.jpg\" data-width=\"1000\" data-height=\"1499\" aria-label=\"Frau im wei\u00dfen Kleid mit langen Haaren schaut auf den Eiffelturm auf der anderen Seite des Flusses in Paris und f\u00e4ngt den Luxus einer Hochzeit im Ausland wie in einem romantischen Film ein.\" role=\"img\" ><\/div>\n\t\t\t\t\t\t\t\t\t\t\t\t\t\t<\/div>\n\t\t\t\t\t\t\t<div class=\"e-gallery-item elementor-gallery-item elementor-animated-content\">\n\t\t\t\t\t<div class=\"e-gallery-image elementor-gallery-item__image\" data-thumbnail=\"https:\/\/thetailorsphotography.com\/wp-content\/uploads\/2022\/10\/paris-france-destination-wedding-photographer-video-photography-eiffel-tower_0465.jpg\" data-width=\"1000\" data-height=\"1499\" aria-label=\"Frau mit blauen Augen und Glitzer im Gesicht tr\u00e4gt durchsichtigen, wei\u00dfen, gepunkteten Stoff, der ihren Kopf ber\u00fchrt - perfekt f\u00fcr kreative Fotografie oder Film-Inspirationen.\" role=\"img\" ><\/div>\n\t\t\t\t\t\t\t\t\t\t\t\t\t\t<\/div>\n\t\t\t\t\t\t\t<div class=\"e-gallery-item elementor-gallery-item elementor-animated-content\">\n\t\t\t\t\t<div class=\"e-gallery-image elementor-gallery-item__image\" data-thumbnail=\"https:\/\/thetailorsphotography.com\/wp-content\/uploads\/2022\/10\/paris-france-destination-wedding-photographer-video-photography-eiffel-tower_0501.jpg\" data-width=\"1000\" data-height=\"1499\" aria-label=\"Eine Braut und ein Br\u00e4utigam posieren in der Abendd\u00e4mmerung vor der Pyramide des Louvre, beide in eleganter Hochzeitskleidung, und fangen einen zeitlosen Moment ein, der der Kunstfotografie w\u00fcrdig ist.\" role=\"img\" ><\/div>\n\t\t\t\t\t\t\t\t\t\t\t\t\t\t<\/div>\n\t\t\t\t\t\t\t<div class=\"e-gallery-item elementor-gallery-item elementor-animated-content\">\n\t\t\t\t\t<div class=\"e-gallery-image elementor-gallery-item__image\" data-thumbnail=\"https:\/\/thetailorsphotography.com\/wp-content\/uploads\/2023\/05\/Shangri-La_Paris_Wedding-22-683x1024-1.jpg\" data-width=\"683\" data-height=\"1024\" aria-label=\"Braut und Br\u00e4utigam posieren vor dem Louvre-Museum in Paris, mit der Glaspyramide im Hintergrund - und fangen den Luxus einer filmreifen Hochzeit im Ausland ein.\" role=\"img\" ><\/div>\n\t\t\t\t\t\t\t\t\t\t\t\t\t\t<\/div>\n\t\t\t\t\t\t\t<div class=\"e-gallery-item elementor-gallery-item elementor-animated-content\">\n\t\t\t\t\t<div class=\"e-gallery-image elementor-gallery-item__image\" data-thumbnail=\"https:\/\/thetailorsphotography.com\/wp-content\/uploads\/2022\/10\/paris-france-destination-wedding-photographer-video-photography-eiffel-tower_0479.jpg\" data-width=\"1000\" data-height=\"1499\" aria-label=\"Ein Paar posiert auf einer gro\u00dfen Treppe vor einem verschn\u00f6rkelten goldenen Tor und umarmt sich z\u00e4rtlich - ein Bild wie aus einem romantischen Film f\u00fcr eine Luxus-Hochzeit im Ausland.\" role=\"img\" ><\/div>\n\t\t\t\t\t\t\t\t\t\t\t\t\t\t<\/div>\n\t\t\t\t\t\t\t<div class=\"e-gallery-item elementor-gallery-item elementor-animated-content\">\n\t\t\t\t\t<div class=\"e-gallery-image elementor-gallery-item__image\" data-thumbnail=\"https:\/\/thetailorsphotography.com\/wp-content\/uploads\/2022\/10\/paris-france-destination-wedding-photographer-video-photography-eiffel-tower_0490.jpg\" data-width=\"1000\" data-height=\"1499\" aria-label=\"Die Braut im kurzen wei\u00dfen Kleid und der Br\u00e4utigam im schwarzen Anzug posieren romantisch an einem verzierten Steinbrunnen und fangen den Zauber von Destination Fotografie f\u00fcr ihre Hochzeit im Ausland ein.\" role=\"img\" ><\/div>\n\t\t\t\t\t\t\t\t\t\t\t\t\t\t<\/div>\n\t\t\t\t\t\t\t<div class=\"e-gallery-item elementor-gallery-item elementor-animated-content\">\n\t\t\t\t\t<div class=\"e-gallery-image elementor-gallery-item__image\" data-thumbnail=\"https:\/\/thetailorsphotography.com\/wp-content\/uploads\/2022\/10\/paris-france-destination-wedding-photographer-video-photography-eiffel-tower_0464.jpg\" data-width=\"1000\" data-height=\"1499\" aria-label=\"Sonnenbeschienener Eckblick auf ein klassisches Pariser Geb\u00e4ude mit verzierten schmiedeeisernen Balkonen und cremefarbenen W\u00e4nden - ein ideales Ziel f\u00fcr eine Luxus-Hochzeit im Ausland.\" role=\"img\" ><\/div>\n\t\t\t\t\t\t\t\t\t\t\t\t\t\t<\/div>\n\t\t\t\t\t\t\t<div class=\"e-gallery-item elementor-gallery-item elementor-animated-content\">\n\t\t\t\t\t<div class=\"e-gallery-image elementor-gallery-item__image\" data-thumbnail=\"https:\/\/thetailorsphotography.com\/wp-content\/uploads\/2023\/05\/Shangri-La_Paris_Wedding-17-683x1024-1.jpg\" data-width=\"683\" data-height=\"1024\" aria-label=\"Das Pariser Caf\u00e9 de Flore mit seinem \u00fcppigen Gr\u00fcn an der Fassade l\u00e4dt Sie ein, seinen Charme unter einem klaren Himmel zu genie\u00dfen - perfekt f\u00fcr die Fotografie inmitten der nahen B\u00e4ume.\" role=\"img\" ><\/div>\n\t\t\t\t\t\t\t\t\t\t\t\t\t\t<\/div>\n\t\t\t\t\t\t\t<div class=\"e-gallery-item elementor-gallery-item elementor-animated-content\">\n\t\t\t\t\t<div class=\"e-gallery-image elementor-gallery-item__image\" data-thumbnail=\"https:\/\/thetailorsphotography.com\/wp-content\/uploads\/2022\/10\/paris-france-destination-wedding-photographer-video-photography-eiffel-tower_0512.jpg\" data-width=\"1000\" data-height=\"1499\" aria-label=\"Eleganter Hoteleingang mit offenen Fl\u00fcgelt\u00fcren, verschn\u00f6rkelten Details und einem innen sichtbaren Kronleuchter - perfekt f\u00fcr Hochzeitsfotografie oder Filmaufnahmen bei einer Hochzeit im Ausland.\" role=\"img\" ><\/div>\n\t\t\t\t\t\t\t\t\t\t\t\t\t\t<\/div>\n\t\t\t\t\t\t\t<div class=\"e-gallery-item elementor-gallery-item elementor-animated-content\">\n\t\t\t\t\t<div class=\"e-gallery-image elementor-gallery-item__image\" data-thumbnail=\"https:\/\/thetailorsphotography.com\/wp-content\/uploads\/2022\/10\/paris-france-destination-wedding-photographer-video-photography-eiffel-tower_0460.jpg\" data-width=\"1000\" data-height=\"667\" aria-label=\"Pariser Wohnh\u00e4user mit rot gestreiften Markisen, Balkone und eine Stadtstra\u00dfe unter blauem Himmel bilden die perfekte Filmkulisse f\u00fcr eine Hochzeit im Ausland.\" role=\"img\" ><\/div>\n\t\t\t\t\t\t\t\t\t\t\t\t\t\t<\/div>\n\t\t\t\t\t\t\t<div class=\"e-gallery-item elementor-gallery-item elementor-animated-content\">\n\t\t\t\t\t<div class=\"e-gallery-image elementor-gallery-item__image\" data-thumbnail=\"https:\/\/thetailorsphotography.com\/wp-content\/uploads\/2023\/05\/Shangri-La_Paris_Wedding-9-683x1024-1.jpg\" data-width=\"683\" data-height=\"1024\" aria-label=\"Eine verzierte Treppe und ein Kronleuchter unter einem gro\u00dfen gew\u00f6lbten Buntglasfenster schaffen in diesem eleganten, luxuri\u00f6sen Innenraum ein filmreifes Ambiente.\" role=\"img\" ><\/div>\n\t\t\t\t\t\t\t\t\t\t\t\t\t\t<\/div>\n\t\t\t\t\t\t\t<div class=\"e-gallery-item elementor-gallery-item elementor-animated-content\">\n\t\t\t\t\t<div class=\"e-gallery-image elementor-gallery-item__image\" data-thumbnail=\"https:\/\/thetailorsphotography.com\/wp-content\/uploads\/2022\/10\/paris-france-destination-wedding-photographer-video-photography-eiffel-tower_0518.jpg\" data-width=\"1000\" data-height=\"1499\" aria-label=\"Souvenirschilder aus Metall mit der Aufschrift I \u2665 Paris auf einem rotierenden Gestell, festgehalten in Schwarz-Wei\u00df-Fotografie - perfekt f\u00fcr alle, die von einer Luxus-Hochzeit im Ausland tr\u00e4umen.\" role=\"img\" ><\/div>\n\t\t\t\t\t\t\t\t\t\t\t\t\t\t<\/div>\n\t\t\t\t\t\t\t<div class=\"e-gallery-item elementor-gallery-item elementor-animated-content\">\n\t\t\t\t\t<div class=\"e-gallery-image elementor-gallery-item__image\" data-thumbnail=\"https:\/\/thetailorsphotography.com\/wp-content\/uploads\/2023\/05\/Shangri-La_Paris_Wedding-23-683x1024-1.jpg\" data-width=\"683\" data-height=\"1024\" aria-label=\"Eine Braut in einem flie\u00dfenden wei\u00dfen Kleid posiert an einem steinernen Gel\u00e4nder mit dem Eiffelturm im Hintergrund und f\u00e4ngt so die Eleganz einer Luxus-Hochzeit im Ausland ein.\" role=\"img\" ><\/div>\n\t\t\t\t\t\t\t\t\t\t\t\t\t\t<\/div>\n\t\t\t\t\t\t\t<div class=\"e-gallery-item elementor-gallery-item elementor-animated-content\">\n\t\t\t\t\t<div class=\"e-gallery-image elementor-gallery-item__image\" data-thumbnail=\"https:\/\/thetailorsphotography.com\/wp-content\/uploads\/2023\/05\/Shangri-La_Paris_Wedding-19-683x1024-1.jpg\" data-width=\"683\" data-height=\"1024\" aria-label=\"Eine Braut in einem wei\u00dfen Kleid ber\u00fchrt sanft das Gesicht eines Br\u00e4utigams in einem schwarzen Anzug; beide stehen dicht beieinander und fangen einen Moment von purem Luxus und zeitloser Fotografie ein.\" role=\"img\" ><\/div>\n\t\t\t\t\t\t\t\t\t\t\t\t\t\t<\/div>\n\t\t\t\t\t\t\t<div class=\"e-gallery-item elementor-gallery-item elementor-animated-content\">\n\t\t\t\t\t<div class=\"e-gallery-image elementor-gallery-item__image\" data-thumbnail=\"https:\/\/thetailorsphotography.com\/wp-content\/uploads\/2022\/10\/paris-france-destination-wedding-photographer-video-photography-eiffel-tower_0487.jpg\" data-width=\"1000\" data-height=\"1499\" aria-label=\"Eine Braut in einem kurzen wei\u00dfen Kleid und Schleier geht neben einem Br\u00e4utigam in einem schwarzen Anzug im Freien spazieren und f\u00e4ngt einen Moment von purem Luxus ein, der einer guten Fotografie w\u00fcrdig ist.\" role=\"img\" ><\/div>\n\t\t\t\t\t\t\t\t\t\t\t\t\t\t<\/div>\n\t\t\t\t\t<\/div>\n\t\t\t\t\t<\/div>\n\t\t\t\t<\/div>\n\t\t\t\t<\/div>\n\t\t\t\t\t<\/div>\n\t\t\t\t<\/div>\n\t\t\t\t<\/div>","protected":false},"excerpt":{"rendered":"<p>France Gallery<\/p>","protected":false},"author":4,"featured_media":0,"parent":0,"menu_order":0,"comment_status":"closed","ping_status":"closed","template":"elementor_header_footer","meta":{"footnotes":""},"folder":[],"class_list":["post-7234","page","type-page","status-publish","hentry"],"_links":{"self":[{"href":"https:\/\/thetailorsphotography.com\/en\/wp-json\/wp\/v2\/pages\/7234","targetHints":{"allow":["GET"]}}],"collection":[{"href":"https:\/\/thetailorsphotography.com\/en\/wp-json\/wp\/v2\/pages"}],"about":[{"href":"https:\/\/thetailorsphotography.com\/en\/wp-json\/wp\/v2\/types\/page"}],"author":[{"embeddable":true,"href":"https:\/\/thetailorsphotography.com\/en\/wp-json\/wp\/v2\/users\/4"}],"replies":[{"embeddable":true,"href":"https:\/\/thetailorsphotography.com\/en\/wp-json\/wp\/v2\/comments?post=7234"}],"version-history":[{"count":10,"href":"https:\/\/thetailorsphotography.com\/en\/wp-json\/wp\/v2\/pages\/7234\/revisions"}],"predecessor-version":[{"id":8680,"href":"https:\/\/thetailorsphotography.com\/en\/wp-json\/wp\/v2\/pages\/7234\/revisions\/8680"}],"wp:attachment":[{"href":"https:\/\/thetailorsphotography.com\/en\/wp-json\/wp\/v2\/media?parent=7234"}],"wp:term":[{"taxonomy":"folder","embeddable":true,"href":"https:\/\/thetailorsphotography.com\/en\/wp-json\/wp\/v2\/folder?post=7234"}],"curies":[{"name":"wp","href":"https:\/\/api.w.org\/{rel}","templated":true}]}}